{"id":9550,"date":"2024-12-24T09:57:47","date_gmt":"2024-12-24T12:57:47","guid":{"rendered":"https:\/\/blog.grupoportfolio.com.br\/portfolio-tech\/?page_id=9550"},"modified":"2024-12-24T10:54:36","modified_gmt":"2024-12-24T13:54:36","slug":"shoppingassistant","status":"publish","type":"page","link":"https:\/\/blog.grupoportfolio.com.br\/portfolio-tech\/shoppingassistant\/","title":{"rendered":"Shopping Assistant &#8211; Experi\u00eancia de Compra com IA"},"content":{"rendered":"<p>[vc_row full_width=&#8221;stretch_row&#8221; css=&#8221;.vc_custom_1734983236029{padding-top: 130px !important;padding-bottom: 130px !important;background: #24ab82 url(https:\/\/blog.grupoportfolio.com.br\/portfolio-formacao\/wp-content\/uploads\/sites\/2\/2024\/12\/bannermeio.png?id=9519) !important;background-position: center !important;background-repeat: no-repeat !important;background-size: cover !important;}&#8221;][vc_column css=&#8221;.vc_custom_1513003956648{padding-top: 0px !important;}&#8221;][vc_row_inner content_placement=&#8221;bottom&#8221;][vc_column_inner width=&#8221;1\/2&#8243; css=&#8221;.vc_custom_1515605719516{padding-top: 30px !important;padding-left: 0px !important;}&#8221;]<header class=\"kd-section-title col-lg-12 text-left    \" ><h2 class=\"separator_off\" style=\"color: #ffffff;font-size: 45px;\">Conveni\u00eancia e personaliza\u00e7\u00e3o no centro da experi\u00eancia do cliente<\/h2><\/header>[vc_btn title=&#8221;AGENDE UMA DEMONSTRA\u00c7\u00c3O&#8221; style=&#8221;custom&#8221; custom_background=&#8221;#1dd985&#8243; custom_text=&#8221;#ffffff&#8221; link=&#8221;url:https%3A%2F%2Fapi.whatsapp.com%2Fsend%3Fphone%3D5585982017347&#8243;][\/vc_column_inner][vc_column_inner width=&#8221;1\/2&#8243; css=&#8221;.vc_custom_1516118904697{padding-right: 0px !important;}&#8221;][vc_single_image image=&#8221;9525&#8243; img_size=&#8221;full&#8221; alignment=&#8221;center&#8221; css=&#8221;.vc_custom_1735044058943{margin-top: 50px !important;}&#8221;][\/vc_column_inner][\/vc_row_inner][\/vc_column][\/vc_row][vc_row css=&#8221;.vc_custom_1643809421717{padding-top: 40px !important;padding-bottom: 40px !important;}&#8221;][vc_column][vc_row_inner][vc_column_inner][vc_empty_space height=&#8221;25px&#8221;]<header class=\"kd-section-title col-lg-12 text-center solid-line sep-border-width-2     vc_custom_1735044451057\" ><h2 class=\"separator_on\" >Conhe\u00e7a o Shopping Assistant<\/h2><div class=\"kd-separator below_title\" ><div class=\"kd-separator-line\" ><\/div><\/div><\/header>[\/vc_column_inner][\/vc_row_inner][\/vc_column][\/vc_row][vc_row css=&#8221;.vc_custom_1643809763702{padding-bottom: 40px !important;}&#8221;][vc_column][vc_row_inner css=&#8221;.vc_custom_1644281970664{padding-top: 60px !important;}&#8221;][vc_column_inner]\r\n            <div class=\"kd-process-steps process_three_elem process-number-template \">\r\n                <ul>\r\n                <li class=\"pss-item\" >\r\n                    <div class=\"pss-container  \" ><div class=\"pss-text-area\">\r\n                            <h4 >Recomenda\u00e7\u00f5es personalizadas de produtos<\/h4>\r\n                            <p ><\/p><\/div>\r\n                    <\/div>\r\n                <\/li>\r\n                <li class=\"pss-item\" >\r\n                    <div class=\"pss-container  \" ><div class=\"pss-text-area\">\r\n                            <h4 >Melhor atendimento com tempo reduzido<\/h4>\r\n                            <p ><\/p><\/div>\r\n                    <\/div>\r\n                <\/li>\r\n                <li class=\"pss-item\" >\r\n                    <div class=\"pss-container  \" ><div class=\"pss-text-area\">\r\n                            <h4 >Evita deslocamentos desnecess\u00e1rios<\/h4>\r\n                            <p ><\/p><\/div>\r\n                    <\/div>\r\n                <\/li><\/ul>\r\n            <\/div>[vc_empty_space height=&#8221;20px&#8221;]\r\n            <div class=\"kd-process-steps process_three_elem process-number-template \">\r\n                <ul>\r\n                <li class=\"pss-item\" >\r\n                    <div class=\"pss-container  \" ><div class=\"pss-text-area\">\r\n                            <h4 >Seguran\u00e7a e conforto no atendimento<\/h4>\r\n                            <p ><\/p><\/div>\r\n                    <\/div>\r\n                <\/li>\r\n                <li class=\"pss-item\" >\r\n                    <div class=\"pss-container  \" ><div class=\"pss-text-area\">\r\n                            <h4 >Sugest\u00f5es de compra em casa ou no caminho<\/h4>\r\n                            <p ><\/p><\/div>\r\n                    <\/div>\r\n                <\/li>\r\n                <li class=\"pss-item\" >\r\n                    <div class=\"pss-container  \" ><div class=\"pss-text-area\">\r\n                            <h4 >Hist\u00f3rico de compras como base para ofertas personalizadas<\/h4>\r\n                            <p ><\/p><\/div>\r\n                    <\/div>\r\n                <\/li><\/ul>\r\n            <\/div>[\/vc_column_inner][\/vc_row_inner][vc_row_inner][vc_column_inner][vc_empty_space height=&#8221;100px&#8221;][vc_column_text]<\/p>\n<blockquote>\n<h4 style=\"text-align: center;\">Ofere\u00e7a uma nova experi\u00eancia para seu cliente e potencialize suas equipes de vendas<\/h4>\n<\/blockquote>\n<p>[\/vc_column_text][vc_empty_space height=&#8221;30px&#8221;][\/vc_column_inner][\/vc_row_inner][vc_cta h2=&#8221;Ganhe tempo e potencialize seus resultados!&#8221; h4=&#8221;Deixe a Intelig\u00eancia Artificial trabalhar para voc\u00ea&#8221; txt_align=&#8221;center&#8221; color=&#8221;vista-blue&#8221; add_button=&#8221;bottom&#8221; btn_title=&#8221;Fale agora com um especialista e agende uma demonstra\u00e7\u00e3o&#8221; btn_color=&#8221;vista-blue&#8221; btn_align=&#8221;center&#8221; add_icon=&#8221;top&#8221; i_icon_fontawesome=&#8221;fas fa-robot&#8221; i_color=&#8221;mulled_wine&#8221; btn_link=&#8221;url:https%3A%2F%2Fapi.whatsapp.com%2Fsend%3Fphone%3D5585982017347&#8243; i_link=&#8221;url:https%3A%2F%2Fapi.whatsapp.com%2Fsend%3Fphone%3D5585982017347&#8243;][\/vc_cta][\/vc_column][\/vc_row][vc_row css=&#8221;.vc_custom_1734983936161{padding-bottom: 40px !important;}&#8221;][vc_column][vc_row_inner][vc_column_inner][vc_empty_space height=&#8221;50px&#8221;]<header class=\"kd-section-title col-lg-12 text-center    \" ><h2 class=\"separator_off\" >Case Shopping Assistant<\/h2><h6 class=\"subtitle \" >Movimenta\u00e7\u00e3o de Ambientes - An\u00e1lise preditiva de desembarques no Aeroporto Internacional de Fortaleza<\/h6><\/header><div class=\"slider clients no-effect kd-client-69ee409bd2b13  \"><div class=\"clients-content\"><img fetchpriority=\"high\" decoding=\"async\" width=\"700\" height=\"394\" src=\"https:\/\/i0.wp.com\/blog.grupoportfolio.com.br\/portfolio-formacao\/wp-content\/uploads\/sites\/2\/2024\/12\/Asset-26-1.png?fit=700%2C394&amp;ssl=1\" class=\"attachment-full\" alt=\"\" srcset=\"https:\/\/i0.wp.com\/blog.grupoportfolio.com.br\/portfolio-formacao\/wp-content\/uploads\/sites\/2\/2024\/12\/Asset-26-1.png?w=700&amp;ssl=1 700w, https:\/\/i0.wp.com\/blog.grupoportfolio.com.br\/portfolio-formacao\/wp-content\/uploads\/sites\/2\/2024\/12\/Asset-26-1.png?resize=300%2C169&amp;ssl=1 300w\" sizes=\"(max-width: 700px) 100vw, 700px\" \/><\/div><\/div><script type=\"text\/javascript\">\r\n              jQuery(document).ready(function($){\r\n                if ($(\".slider.clients.kd-client-69ee409bd2b13\").length) {\r\n                  $(\".slider.clients.kd-client-69ee409bd2b13\").owlCarousel({\r\n                    stageClass: \"owl-wrapper\",\r\n                    stageOuterClass: \"owl-wrapper-outer\",\r\n                    loadedClass: \"owl-carousel\",\r\n                    responsiveClass:true,\r\n                    responsive:{\r\n                      0:{\r\n                          items:1,dots: false,},\r\n                      415:{\r\n                          items:3,dots: false,},\r\n                      960:{\r\n                          items:1,dots: false,}\r\n                    },\r\n                  });\r\n                }\r\n              });\r\n            <\/script>[vc_empty_space][vc_btn title=&#8221;Conhe\u00e7a os outros produtos de IA do Grupo Portfolio&#8221; color=&#8221;vista-blue&#8221; align=&#8221;center&#8221; link=&#8221;url:https%3A%2F%2Fblog.grupoportfolio.com.br%2Fportfolio-tech%2Fia%2F|title:Solu%C3%A7%C3%B5es%20de%20Intelig%C3%AAncia%20Artificial%20do%20Grupo%20Portfolio&#8221;][\/vc_column_inner][\/vc_row_inner][\/vc_column][\/vc_row][vc_row full_width=&#8221;stretch_row&#8221; css=&#8221;.vc_custom_1644854810095{padding-bottom: 0px !important;}&#8221; el_id=&#8221;contato&#8221;][vc_column width=&#8221;1\/4&#8243; css=&#8221;.vc_custom_1516095762744{padding-right: 0px !important;padding-left: 0px !important;}&#8221;][\/vc_column][vc_column width=&#8221;1\/2&#8243;][vc_empty_space height=&#8221;30px&#8221;]<header class=\"kd-section-title col-lg-12 text-center solid-line sep-border-width-2    \" ><h2 class=\"separator_on\" >Agende uma demonstra\u00e7\u00e3o do Shopping Assistant<\/h2><div class=\"kd-separator below_title\" ><div class=\"kd-separator-line\" ><\/div><\/div><\/header>[vc_empty_space height=&#8221;30px&#8221;]<div class=\"kd-contact-form full-width-cf\" >\n<div class=\"wpcf7 no-js\" id=\"wpcf7-f8576-o1\" lang=\"pt-BR\" dir=\"ltr\" data-wpcf7-id=\"8576\">\n<div class=\"screen-reader-response\"><p role=\"status\" aria-live=\"polite\" aria-atomic=\"true\"><\/p> <ul><\/ul><\/div>\n<form action=\"\/portfolio-tech\/wp-json\/wp\/v2\/pages\/9550#wpcf7-f8576-o1\" method=\"post\" class=\"wpcf7-form init\" aria-label=\"Formul\u00e1rios de contato\" novalidate=\"novalidate\" data-status=\"init\">\n<div style=\"display: none;\">\n<input type=\"hidden\" name=\"_wpcf7\" value=\"8576\" \/>\n<input type=\"hidden\" name=\"_wpcf7_version\" value=\"6.0.6\" \/>\n<input type=\"hidden\" name=\"_wpcf7_locale\" value=\"pt_BR\" \/>\n<input type=\"hidden\" name=\"_wpcf7_unit_tag\" value=\"wpcf7-f8576-o1\" \/>\n<input type=\"hidden\" name=\"_wpcf7_container_post\" value=\"0\" \/>\n<input type=\"hidden\" name=\"_wpcf7_posted_data_hash\" value=\"\" \/>\n<input type=\"hidden\" name=\"_wpcf7_recaptcha_response\" value=\"\" \/>\n<\/div>\n<div class=\"form\">\n\t<div class=\"form__input\">\n\t\t<p><span class=\"wpcf7-form-control-wrap\" data-name=\"nome\"><input size=\"40\" maxlength=\"400\" class=\"wpcf7-form-control wpcf7-text wpcf7-validates-as-required\" aria-required=\"true\" aria-invalid=\"false\" placeholder=\"Nome\" value=\"\" type=\"text\" name=\"nome\" \/><\/span>\n\t\t<\/p>\n\t<\/div>\n\t<div class=\"form__input\">\n\t\t<p><span class=\"wpcf7-form-control-wrap\" data-name=\"telefone\"><input size=\"40\" maxlength=\"400\" class=\"wpcf7-form-control wpcf7-tel wpcf7-validates-as-required wpcf7-text wpcf7-validates-as-tel\" aria-required=\"true\" aria-invalid=\"false\" placeholder=\"Telefone\" value=\"\" type=\"tel\" name=\"telefone\" \/><\/span>\n\t\t<\/p>\n\t<\/div>\n\t<div class=\"form__input\">\n\t\t<p><span class=\"wpcf7-form-control-wrap\" data-name=\"email\"><input size=\"40\" maxlength=\"400\" class=\"wpcf7-form-control wpcf7-email wpcf7-validates-as-required wpcf7-text wpcf7-validates-as-email\" aria-required=\"true\" aria-invalid=\"false\" placeholder=\"E-mail\" value=\"\" type=\"email\" name=\"email\" \/><\/span>\n\t\t<\/p>\n\t<\/div>\n\t<div class=\"form__input\">\n\t\t<p><span class=\"wpcf7-form-control-wrap\" data-name=\"mensagem\"><textarea cols=\"40\" rows=\"10\" maxlength=\"2000\" class=\"wpcf7-form-control wpcf7-textarea wpcf7-validates-as-required\" aria-required=\"true\" aria-invalid=\"false\" placeholder=\"Mensagem\" name=\"mensagem\"><\/textarea><\/span>\n\t\t<\/p>\n\t<\/div>\n\t<div class=\"form__input\">\n\t\t<p><span class=\"wpcf7-form-control-wrap\" data-name=\"aceite-termos\"><span class=\"wpcf7-form-control wpcf7-checkbox\"><span class=\"wpcf7-list-item first last\"><label><input type=\"checkbox\" name=\"aceite-termos[]\" value=\"Aceito receber informa\u00e7\u00f5es sobre ofertas e servi\u00e7os do Grupo Portfolio.\" \/><span class=\"wpcf7-list-item-label\">Aceito receber informa\u00e7\u00f5es sobre ofertas e servi\u00e7os do Grupo Portfolio.<\/span><\/label><\/span><\/span><\/span>\n\t\t<\/p>\n\t<\/div>\n\t<div class=\"form__input form__input--btnLarge\">\n\t\t<p><input class=\"wpcf7-form-control wpcf7-submit has-spinner\" type=\"submit\" value=\"Enviar\" \/>\n\t\t<\/p>\n\t<\/div>\n\t<div style=\"display:none;\">\n\t\t<p><span class=\"wpcf7-form-control-wrap\" data-name=\"identificador\"><input size=\"40\" maxlength=\"400\" class=\"wpcf7-form-control wpcf7-text\" aria-invalid=\"false\" value=\"pagina contato\" type=\"text\" name=\"identificador\" \/><\/span><br \/>\n<span class=\"wpcf7-form-control-wrap\" data-name=\"c_utmz\"><input size=\"40\" maxlength=\"400\" class=\"wpcf7-form-control wpcf7-text\" id=\"cookieutmz\" aria-invalid=\"false\" value=\"\" type=\"text\" name=\"c_utmz\" \/><\/span>\n\t\t<\/p>\n\t<\/div>\n\t<p><script type=\"text\/javascript\">\nfunction read_cookie(a){var b=a+\"=\";var c=document.cookie.split(\";\");for(var d=0;d\n\t\t\t<c.length;d++){var e=c[d];while(e.charAt(0)==\" \")e=e.substring(1,e.length);if(e.indexOf(b)==0){return e.substring(b.length,e.length)}}return null}try{document.getElementById(\"cookieutmz\").value=read_cookie(\"__utmz\")}catch(err){}\n<\/script>\n\t\t\t<\/c.length;d++){var><\/script>\n\t<\/p>\n<\/div><p style=\"display: none !important;\" class=\"akismet-fields-container\" data-prefix=\"_wpcf7_ak_\"><label>&#916;<textarea name=\"_wpcf7_ak_hp_textarea\" cols=\"45\" rows=\"8\" maxlength=\"100\"><\/textarea><\/label><input type=\"hidden\" id=\"ak_js_1\" name=\"_wpcf7_ak_js\" value=\"208\"\/><script>document.getElementById( \"ak_js_1\" ).setAttribute( \"value\", ( new Date() ).getTime() );<\/script><\/p><div class=\"wpcf7-response-output\" aria-hidden=\"true\"><\/div>\n<\/form>\n<\/div>\n<\/div>[\/vc_column][vc_column width=&#8221;1\/4&#8243;][\/vc_column][\/vc_row]<\/p>\n","protected":false},"excerpt":{"rendered":"<p>[vc_row full_width=&#8221;stretch_row&#8221; css=&#8221;.vc_custom_1734983236029{padding-top: 130px !important;padding-bottom: 130px !important;background: #24ab82 url(https:\/\/blog.grupoportfolio.com.br\/portfolio-formacao\/wp-content\/uploads\/sites\/2\/2024\/12\/bannermeio.png?id=9519) !important;background-position: center !important;background-repeat: no-repeat !important;background-size: cover !important;}&#8221;][vc_column css=&#8221;.vc_custom_1513003956648{padding-top: 0px !important;}&#8221;][vc_row_inner content_placement=&#8221;bottom&#8221;][vc_column_inner width=&#8221;1\/2&#8243; css=&#8221;.vc_custom_1515605719516{padding-top: 30px !important;padding-left: 0px !important;}&#8221;][vc_btn title=&#8221;AGENDE UMA DEMONSTRA\u00c7\u00c3O&#8221; style=&#8221;custom&#8221; custom_background=&#8221;#1dd985&#8243; custom_text=&#8221;#ffffff&#8221; link=&#8221;url:https%3A%2F%2Fapi.whatsapp.com%2Fsend%3Fphone%3D5585982017347&#8243;][\/vc_column_inner][vc_column_inner width=&#8221;1\/2&#8243; css=&#8221;.vc_custom_1516118904697{padding-right: 0px !important;}&#8221;][vc_single_image image=&#8221;9525&#8243; img_size=&#8221;full&#8221; alignment=&#8221;center&#8221; css=&#8221;.vc_custom_1735044058943{margin-top: 50px !important;}&#8221;][\/vc_column_inner][\/vc_row_inner][\/vc_column][\/vc_row][vc_row css=&#8221;.vc_custom_1643809421717{padding-top: [&hellip;]<\/p>\n","protected":false},"author":12,"featured_media":0,"parent":0,"menu_order":0,"comment_status":"closed","ping_status":"closed","template":"","meta":{"footnotes":""},"class_list":["post-9550","page","type-page","status-publish","hentry"],"aioseo_notices":[],"jetpack_sharing_enabled":true,"_links":{"self":[{"href":"https:\/\/blog.grupoportfolio.com.br\/portfolio-tech\/wp-json\/wp\/v2\/pages\/9550","targetHints":{"allow":["GET"]}}],"collection":[{"href":"https:\/\/blog.grupoportfolio.com.br\/portfolio-tech\/wp-json\/wp\/v2\/pages"}],"about":[{"href":"https:\/\/blog.grupoportfolio.com.br\/portfolio-tech\/wp-json\/wp\/v2\/types\/page"}],"author":[{"embeddable":true,"href":"https:\/\/blog.grupoportfolio.com.br\/portfolio-tech\/wp-json\/wp\/v2\/users\/12"}],"replies":[{"embeddable":true,"href":"https:\/\/blog.grupoportfolio.com.br\/portfolio-tech\/wp-json\/wp\/v2\/comments?post=9550"}],"version-history":[{"count":3,"href":"https:\/\/blog.grupoportfolio.com.br\/portfolio-tech\/wp-json\/wp\/v2\/pages\/9550\/revisions"}],"predecessor-version":[{"id":9580,"href":"https:\/\/blog.grupoportfolio.com.br\/portfolio-tech\/wp-json\/wp\/v2\/pages\/9550\/revisions\/9580"}],"wp:attachment":[{"href":"https:\/\/blog.grupoportfolio.com.br\/portfolio-tech\/wp-json\/wp\/v2\/media?parent=9550"}],"curies":[{"name":"wp","href":"https:\/\/api.w.org\/{rel}","templated":true}]}}