{"id":8930,"date":"2022-02-07T22:16:45","date_gmt":"2022-02-08T01:16:45","guid":{"rendered":"https:\/\/blog.grupoportfolio.com.br\/portfolio-tech\/?page_id=8930"},"modified":"2023-08-16T22:01:07","modified_gmt":"2023-08-17T01:01:07","slug":"portfolio-manager","status":"publish","type":"page","link":"https:\/\/blog.grupoportfolio.com.br\/portfolio-tech\/portfolio-manager\/","title":{"rendered":"Portfolio Manager"},"content":{"rendered":"<p>[vc_row full_width=&#8221;stretch_row&#8221; css=&#8221;.vc_custom_1644361975217{padding-top: 130px !important;padding-bottom: 130px !important;background-color: #3192d0 !important;}&#8221;][vc_column css=&#8221;.vc_custom_1513003956648{padding-top: 0px !important;}&#8221;][vc_row_inner content_placement=&#8221;bottom&#8221;][vc_column_inner width=&#8221;1\/2&#8243; css=&#8221;.vc_custom_1515605719516{padding-top: 30px !important;padding-left: 0px !important;}&#8221;][vc_single_image image=&#8221;9197&#8243; img_size=&#8221;full&#8221; alignment=&#8221;center&#8221;]<header class=\"kd-section-title col-lg-12 text-left    \" ><h2 class=\"separator_off\" style=\"color: #ffffff;font-size: 45px;\">Acompanhe o andamento dos projetos do seu portf\u00f3lio em todas as fases<\/h2><\/header>[vc_empty_space height=&#8221;25px&#8221;][vc_btn title=&#8221;FALE COM UM ESPECIALISTA&#8221; style=&#8221;custom&#8221; custom_background=&#8221;#1dd985&#8243; custom_text=&#8221;#ffffff&#8221; link=&#8221;url:%23contato&#8221;][\/vc_column_inner][vc_column_inner width=&#8221;1\/2&#8243; css=&#8221;.vc_custom_1516118904697{padding-right: 0px !important;}&#8221;][vc_empty_space height=&#8221;25px&#8221;][vc_single_image image=&#8221;9211&#8243; img_size=&#8221;full&#8221;][\/vc_column_inner][\/vc_row_inner][\/vc_column][\/vc_row][vc_row css=&#8221;.vc_custom_1513709138743{padding-top: 100px !important;padding-bottom: 90px !important;}&#8221;][vc_column]<header class=\"kd-section-title col-lg-12 text-center solid-line sep-border-width-1     vc_custom_1644363336708\" ><h2 class=\"separator_on\" >Garanta o sucesso dos seus projetos com o Portfolio Manager<\/h2><div class=\"kd-separator below_title\" ><div class=\"kd-separator-line\" ><\/div><\/div><h6 class=\"subtitle \" >Relacione suas diversas fontes de dados existentes e produza an\u00e1lises e conte\u00fado transversal com os dados da organiza\u00e7\u00e3o.<\/h6><\/header>[\/vc_column][\/vc_row][vc_row full_width=&#8221;stretch_row&#8221; css=&#8221;.vc_custom_1643807880037{padding-bottom: 0px !important;}&#8221;][vc_column css=&#8221;.vc_custom_1516095762744{padding-right: 0px !important;padding-left: 0px !important;}&#8221;]\r\n            <div class=\"kd-process-steps process_four_elem process-number-template \">\r\n                <ul>\r\n                <li class=\"pss-item\" >\r\n                    <div class=\"pss-container kd-animated zoomIn \" ><div class=\"pss-step-number\"><span >1<\/span><\/div><div class=\"pss-text-area\">\r\n                            <h4 >Receba dados de projetos e\/ou indicadores<\/h4>\r\n                            <p ><\/p><\/div>\r\n                    <\/div>\r\n                <\/li>\r\n                <li class=\"pss-item\" >\r\n                    <div class=\"pss-container kd-animated zoomIn \" data-animation-delay=200><div class=\"pss-step-number\"><span >2<\/span><\/div><div class=\"pss-text-area\">\r\n                            <h4 >Efetue o tratamento necess\u00e1rio para a disponibiliza\u00e7\u00e3o das informa\u00e7\u00f5es em pain\u00e9is de controle<\/h4>\r\n                            <p ><\/p><\/div>\r\n                    <\/div>\r\n                <\/li>\r\n                <li class=\"pss-item\" >\r\n                    <div class=\"pss-container kd-animated zoomIn \" data-animation-delay=400><div class=\"pss-step-number\"><span >3<\/span><\/div><div class=\"pss-text-area\">\r\n                            <h4 >Customize de acordo com o objetivo estrat\u00e9gico da organiza\u00e7\u00e3o<\/h4>\r\n                            <p ><\/p><\/div>\r\n                    <\/div>\r\n                <\/li>\r\n                <li class=\"pss-item\" >\r\n                    <div class=\"pss-container kd-animated zoomIn \" data-animation-delay=600><div class=\"pss-step-number\"><span >4<\/span><\/div><div class=\"pss-text-area\">\r\n                            <h4 >Disponibilize em dispositivos m\u00f3veis, telas ou sistemas web<\/h4>\r\n                            <p ><\/p><\/div>\r\n                    <\/div>\r\n                <\/li><\/ul>\r\n            <\/div>[vc_empty_space height=&#8221;100px&#8221;][\/vc_column][\/vc_row][vc_row full_width=&#8221;stretch_row&#8221; css=&#8221;.vc_custom_1643807880037{padding-bottom: 0px !important;}&#8221;][vc_column css=&#8221;.vc_custom_1516095762744{padding-right: 0px !important;padding-left: 0px !important;}&#8221;][vc_separator color=&#8221;custom&#8221; accent_color=&#8221;#1dd985&#8243;][vc_empty_space height=&#8221;50px&#8221;]<header class=\"kd-section-title vc_col-lg-6 vc_col-sm-8 text-center solid-line sep-border-width-2     vc_custom_1644363953580\" ><h2 class=\"separator_on\" >Por que utilizar o Portfolio Manager na sua empresa?<\/h2><div class=\"kd-separator below_title\" ><div class=\"kd-separator-line\" ><\/div><\/div><h6 class=\"subtitle \" >Confira alguns dos diferenciais e benef\u00edcios de gerenciar projetos com o Portfolio Manager.<\/h6><\/header>[vc_row_inner equal_height=&#8221;yes&#8221; gap=&#8221;20&#8243; css=&#8221;.vc_custom_1643808736651{padding-top: 40px !important;padding-right: 150px !important;padding-left: 150px !important;}&#8221;][vc_column_inner width=&#8221;1\/3&#8243; css=&#8221;.vc_custom_1643808350445{padding-right: 0px !important;padding-left: 0px !important;background-color: #fafafa !important;border-radius: 10px !important;}&#8221;]<div class=\"key-icon-box icon-default icon-top cont-center  box-bg-color kd-animated zoomIn\" style=\"background-color: transparent; border: none;\" ><div class=\"ib-wrapper\"><i class=\"fas fa-users-cog fa\" style=\" color: #1dd985;\"><\/i> <p >Melhor efici\u00eancia e assertividade na elabora\u00e7\u00e3o de relat\u00f3rios de status e progresso dos projetos.<\/p><\/div><\/div>[\/vc_column_inner][vc_column_inner width=&#8221;1\/3&#8243; css=&#8221;.vc_custom_1643808464741{padding-right: 0px !important;padding-left: 0px !important;background-color: #fafafa !important;border-radius: 10px !important;}&#8221;]<div class=\"key-icon-box icon-default icon-top cont-center  box-bg-color kd-animated zoomIn\" style=\"background-color: transparent; border: none;\" ><div class=\"ib-wrapper\"><i class=\"fas fa-file-signature fa\" style=\" color: #1dd985;\"><\/i> <p >Otimiza\u00e7\u00e3o na an\u00e1lise de indicadores de tempo, prazo, produtividade e recursos alocados, em cada um dos projetos.<\/p><\/div><\/div>[\/vc_column_inner][vc_column_inner width=&#8221;1\/3&#8243; css=&#8221;.vc_custom_1643808477693{padding-right: 0px !important;padding-left: 0px !important;background-color: #fafafa !important;border-radius: 10px !important;}&#8221;]<div class=\"key-icon-box icon-default icon-top cont-center  box-bg-color kd-animated zoomIn\" style=\"background-color: transparent; border: none;\" ><div class=\"ib-wrapper\"><i class=\"far fa-eye fa\" style=\" color: #1dd985;\"><\/i> <p >Melhor controle sob escopo, riscos, cronograma, atividades, impedimentos e entregas do projeto.<\/p><\/div><\/div>[\/vc_column_inner][\/vc_row_inner][vc_row_inner equal_height=&#8221;yes&#8221; gap=&#8221;20&#8243; css=&#8221;.vc_custom_1643808774860{padding-top: 40px !important;padding-right: 150px !important;padding-left: 150px !important;}&#8221;][vc_column_inner width=&#8221;1\/3&#8243; css=&#8221;.vc_custom_1643808493688{padding-right: 0px !important;padding-left: 0px !important;background-color: #fafafa !important;border-radius: 10px !important;}&#8221;]<div class=\"key-icon-box icon-default icon-top cont-center  box-bg-color kd-animated zoomIn\" style=\"background-color: transparent; border: none;\" ><div class=\"ib-wrapper\"><i class=\"fas fa-hands-helping fa\" style=\" color: #1dd985;\"><\/i> <p >Mecanismos, funcionalidades e recursos tecnol\u00f3gicos que facilitam a gest\u00e3o do projeto atrav\u00e9s das metodologias tradicional, \u00e1gil ou h\u00edbrida.<\/p><\/div><\/div>[\/vc_column_inner][vc_column_inner width=&#8221;1\/3&#8243; css=&#8221;.vc_custom_1643808503874{padding-right: 0px !important;padding-left: 0px !important;background-color: #fafafa !important;border-radius: 10px !important;}&#8221;]<div class=\"key-icon-box icon-default icon-top cont-center  box-bg-color kd-animated zoomIn\" style=\"background-color: transparent; border: none;\" ><div class=\"ib-wrapper\"><i class=\"fas fa-check-circle fa\" style=\" color: #1dd985;\"><\/i> <p >Acompanhamento de planejamento, opera\u00e7\u00e3o e resultados, a partir de indicadores de metas, realizado e produtividade.<\/p><\/div><\/div>[\/vc_column_inner][vc_column_inner width=&#8221;1\/3&#8243; css=&#8221;.vc_custom_1643808516989{padding-right: 0px !important;padding-left: 0px !important;background-color: #fafafa !important;border-radius: 10px !important;}&#8221;]<div class=\"key-icon-box icon-default icon-top cont-center  box-bg-color kd-animated zoomIn\" style=\"background-color: transparent; border: none;\" ><div class=\"ib-wrapper\"><i class=\"fas fa-project-diagram fa\" style=\" color: #1dd985;\"><\/i> <p >Melhor comunica\u00e7\u00e3o entre gestores, clientes, patrocinadores e stakeholders sobre os itens, aspectos, crit\u00e9rios e resultados envolvidos aos projetos.<\/p><\/div><\/div>[\/vc_column_inner][\/vc_row_inner][\/vc_column][\/vc_row][vc_row full_width=&#8221;stretch_row&#8221; disable_element=&#8221;yes&#8221; css=&#8221;.vc_custom_1645800856185{padding-bottom: 0px !important;}&#8221;][vc_column css=&#8221;.vc_custom_1516095762744{padding-right: 0px !important;padding-left: 0px !important;}&#8221;][vc_empty_space height=&#8221;30px&#8221;]<header class=\"kd-section-title col-lg-12 text-center solid-line sep-border-width-1     vc_custom_1644280035071\" ><h2 class=\"separator_on\" >Nossos cases<\/h2><div class=\"kd-separator below_title\" ><div class=\"kd-separator-line\" ><\/div><\/div><h6 class=\"subtitle \" >A Portfolio Tech j\u00e1 atuou em grandes clientes de diversos segmentos. Conhe\u00e7a:<\/h6><\/header>[vc_raw_html]JTNDcCUzRSU1QnBzYWNfcG9zdF9jYXJvdXNlbCUyMHNob3dfZGF0ZSUzRCUyMmZhbHNlJTIyJTIwc2hvd19hdXRob3IlM0QlMjJmYWxzZSUyMiUyMHNob3dfdGFncyUzRCUyMmZhbHNlJTIyJTIwc2hvd19jb21tZW50cyUzRCUyMmZhbHNlJTIyJTIwc2hvd19jYXRlZ29yeSUzRCUyMmZhbHNlJTIyJTIwc2hvd19jb250ZW50JTNEJTIyZmFsc2UlMjIlMjBzbGlkZXJoZWlnaHQlM0QlMjIzNTAlMjIlMjBhcnJvd3MlM0QlMjJmYWxzZSUyMiUyMGRvdHMlM0QlMjJmYWxzZSUyMiUyMGxpbWl0JTNEJTIyNiUyMiUyMGNhdGVnb3J5JTNEJTIyU2VtJTIwZGVzY3JpJUMzJUE3JUMzJUEzbyUwOXBvcnRmb2xpby1tYW5hZ2VyJTIyJTVEJTNDJTJGcCUzRQ==[\/vc_raw_html][vc_basic_grid post_type=&#8221;post&#8221; max_items=&#8221;10&#8243; style=&#8221;pagination&#8221; items_per_page=&#8221;3&#8243; item=&#8221;masonryGrid_OverlayWithRotation&#8221; grid_id=&#8221;vc_gid:1692233843766-4e326e9f-0d47-5&#8243; taxonomies=&#8221;35&#8243;][vc_btn title=&#8221;CONFIRA OS NOSSOS CASES&#8221; style=&#8221;custom&#8221; custom_background=&#8221;#1dd985&#8243; custom_text=&#8221;#ffffff&#8221; align=&#8221;center&#8221; link=&#8221;url:https%3A%2F%2Fblog.grupoportfolio.com.br%2Fportfolio-tech%2Fcases-portfolio-tech%2F|title:Cases%20Portfolio%20Tech&#8221;][\/vc_column][\/vc_row][vc_row full_width=&#8221;stretch_row&#8221; css=&#8221;.vc_custom_1644854349992{padding-bottom: 0px !important;}&#8221;][vc_column css=&#8221;.vc_custom_1516095762744{padding-right: 0px !important;padding-left: 0px !important;}&#8221;][vc_row_inner css=&#8221;.vc_custom_1644276448120{padding-top: 40px !important;padding-bottom: 40px !important;}&#8221; el_id=&#8221;contato&#8221;][vc_column_inner width=&#8221;1\/4&#8243; css=&#8221;.vc_custom_1515496499525{padding-top: 60px !important;padding-left: 120px !important;}&#8221;][\/vc_column_inner][vc_column_inner width=&#8221;1\/2&#8243;]<header class=\"kd-section-title col-lg-12 text-center solid-line sep-border-width-2    \" ><h2 class=\"separator_on\" >Fale com a Portfolio Tech<\/h2><div class=\"kd-separator below_title\" ><div class=\"kd-separator-line\" ><\/div><\/div><h6 class=\"subtitle \" >Quer saber o que podemos fazer para otimizar a sua empresa? Consulte agora um especialista.<\/h6><\/header>[vc_empty_space height=&#8221;80px&#8221;]<div class=\"kd-contact-form full-width-cf\" >\n<div class=\"wpcf7 no-js\" id=\"wpcf7-f8576-o1\" lang=\"pt-BR\" dir=\"ltr\" data-wpcf7-id=\"8576\">\n<div class=\"screen-reader-response\"><p role=\"status\" aria-live=\"polite\" aria-atomic=\"true\"><\/p> <ul><\/ul><\/div>\n<form action=\"\/portfolio-tech\/wp-json\/wp\/v2\/pages\/8930#wpcf7-f8576-o1\" method=\"post\" class=\"wpcf7-form init\" aria-label=\"Formul\u00e1rios de contato\" novalidate=\"novalidate\" data-status=\"init\">\n<div style=\"display: none;\">\n<input type=\"hidden\" name=\"_wpcf7\" value=\"8576\" \/>\n<input type=\"hidden\" name=\"_wpcf7_version\" value=\"6.0.6\" \/>\n<input type=\"hidden\" name=\"_wpcf7_locale\" value=\"pt_BR\" \/>\n<input type=\"hidden\" name=\"_wpcf7_unit_tag\" value=\"wpcf7-f8576-o1\" \/>\n<input type=\"hidden\" name=\"_wpcf7_container_post\" value=\"0\" \/>\n<input type=\"hidden\" name=\"_wpcf7_posted_data_hash\" value=\"\" \/>\n<input type=\"hidden\" name=\"_wpcf7_recaptcha_response\" value=\"\" \/>\n<\/div>\n<div class=\"form\">\n\t<div class=\"form__input\">\n\t\t<p><span class=\"wpcf7-form-control-wrap\" data-name=\"nome\"><input size=\"40\" maxlength=\"400\" class=\"wpcf7-form-control wpcf7-text wpcf7-validates-as-required\" aria-required=\"true\" aria-invalid=\"false\" placeholder=\"Nome\" value=\"\" type=\"text\" name=\"nome\" \/><\/span>\n\t\t<\/p>\n\t<\/div>\n\t<div class=\"form__input\">\n\t\t<p><span class=\"wpcf7-form-control-wrap\" data-name=\"telefone\"><input size=\"40\" maxlength=\"400\" class=\"wpcf7-form-control wpcf7-tel wpcf7-validates-as-required wpcf7-text wpcf7-validates-as-tel\" aria-required=\"true\" aria-invalid=\"false\" placeholder=\"Telefone\" value=\"\" type=\"tel\" name=\"telefone\" \/><\/span>\n\t\t<\/p>\n\t<\/div>\n\t<div class=\"form__input\">\n\t\t<p><span class=\"wpcf7-form-control-wrap\" data-name=\"email\"><input size=\"40\" maxlength=\"400\" class=\"wpcf7-form-control wpcf7-email wpcf7-validates-as-required wpcf7-text wpcf7-validates-as-email\" aria-required=\"true\" aria-invalid=\"false\" placeholder=\"E-mail\" value=\"\" type=\"email\" name=\"email\" \/><\/span>\n\t\t<\/p>\n\t<\/div>\n\t<div class=\"form__input\">\n\t\t<p><span class=\"wpcf7-form-control-wrap\" data-name=\"mensagem\"><textarea cols=\"40\" rows=\"10\" maxlength=\"2000\" class=\"wpcf7-form-control wpcf7-textarea wpcf7-validates-as-required\" aria-required=\"true\" aria-invalid=\"false\" placeholder=\"Mensagem\" name=\"mensagem\"><\/textarea><\/span>\n\t\t<\/p>\n\t<\/div>\n\t<div class=\"form__input\">\n\t\t<p><span class=\"wpcf7-form-control-wrap\" data-name=\"aceite-termos\"><span class=\"wpcf7-form-control wpcf7-checkbox\"><span class=\"wpcf7-list-item first last\"><label><input type=\"checkbox\" name=\"aceite-termos[]\" value=\"Aceito receber informa\u00e7\u00f5es sobre ofertas e servi\u00e7os do Grupo Portfolio.\" \/><span class=\"wpcf7-list-item-label\">Aceito receber informa\u00e7\u00f5es sobre ofertas e servi\u00e7os do Grupo Portfolio.<\/span><\/label><\/span><\/span><\/span>\n\t\t<\/p>\n\t<\/div>\n\t<div class=\"form__input form__input--btnLarge\">\n\t\t<p><input class=\"wpcf7-form-control wpcf7-submit has-spinner\" type=\"submit\" value=\"Enviar\" \/>\n\t\t<\/p>\n\t<\/div>\n\t<div style=\"display:none;\">\n\t\t<p><span class=\"wpcf7-form-control-wrap\" data-name=\"identificador\"><input size=\"40\" maxlength=\"400\" class=\"wpcf7-form-control wpcf7-text\" aria-invalid=\"false\" value=\"pagina contato\" type=\"text\" name=\"identificador\" \/><\/span><br \/>\n<span class=\"wpcf7-form-control-wrap\" data-name=\"c_utmz\"><input size=\"40\" maxlength=\"400\" class=\"wpcf7-form-control wpcf7-text\" id=\"cookieutmz\" aria-invalid=\"false\" value=\"\" type=\"text\" name=\"c_utmz\" \/><\/span>\n\t\t<\/p>\n\t<\/div>\n\t<p><script type=\"text\/javascript\">\nfunction read_cookie(a){var b=a+\"=\";var c=document.cookie.split(\";\");for(var d=0;d\n\t\t\t<c.length;d++){var e=c[d];while(e.charAt(0)==\" \")e=e.substring(1,e.length);if(e.indexOf(b)==0){return e.substring(b.length,e.length)}}return null}try{document.getElementById(\"cookieutmz\").value=read_cookie(\"__utmz\")}catch(err){}\n<\/script>\n\t\t\t<\/c.length;d++){var><\/script>\n\t<\/p>\n<\/div><p style=\"display: none !important;\" class=\"akismet-fields-container\" data-prefix=\"_wpcf7_ak_\"><label>&#916;<textarea name=\"_wpcf7_ak_hp_textarea\" cols=\"45\" rows=\"8\" maxlength=\"100\"><\/textarea><\/label><input type=\"hidden\" id=\"ak_js_1\" name=\"_wpcf7_ak_js\" value=\"234\"\/><script>document.getElementById( \"ak_js_1\" ).setAttribute( \"value\", ( new Date() ).getTime() );<\/script><\/p><div class=\"wpcf7-response-output\" aria-hidden=\"true\"><\/div>\n<\/form>\n<\/div>\n<\/div>[\/vc_column_inner][vc_column_inner width=&#8221;1\/4&#8243;][\/vc_column_inner][\/vc_row_inner][\/vc_column][\/vc_row]<\/p>\n","protected":false},"excerpt":{"rendered":"<p>[vc_row full_width=&#8221;stretch_row&#8221; css=&#8221;.vc_custom_1644361975217{padding-top: 130px !important;padding-bottom: 130px !important;background-color: #3192d0 !important;}&#8221;][vc_column css=&#8221;.vc_custom_1513003956648{padding-top: 0px !important;}&#8221;][vc_row_inner content_placement=&#8221;bottom&#8221;][vc_column_inner width=&#8221;1\/2&#8243; css=&#8221;.vc_custom_1515605719516{padding-top: 30px !important;padding-left: 0px !important;}&#8221;][vc_single_image image=&#8221;9197&#8243; img_size=&#8221;full&#8221; alignment=&#8221;center&#8221;][vc_empty_space height=&#8221;25px&#8221;][vc_btn title=&#8221;FALE COM UM ESPECIALISTA&#8221; style=&#8221;custom&#8221; custom_background=&#8221;#1dd985&#8243; custom_text=&#8221;#ffffff&#8221; link=&#8221;url:%23contato&#8221;][\/vc_column_inner][vc_column_inner width=&#8221;1\/2&#8243; css=&#8221;.vc_custom_1516118904697{padding-right: 0px !important;}&#8221;][vc_empty_space height=&#8221;25px&#8221;][vc_single_image image=&#8221;9211&#8243; img_size=&#8221;full&#8221;][\/vc_column_inner][\/vc_row_inner][\/vc_column][\/vc_row][vc_row css=&#8221;.vc_custom_1513709138743{padding-top: 100px !important;padding-bottom: 90px !important;}&#8221;][vc_column][\/vc_column][\/vc_row][vc_row full_width=&#8221;stretch_row&#8221; [&hellip;]<\/p>\n","protected":false},"author":12,"featured_media":0,"parent":0,"menu_order":0,"comment_status":"closed","ping_status":"closed","template":"","meta":{"footnotes":""},"class_list":["post-8930","page","type-page","status-publish","hentry"],"aioseo_notices":[],"jetpack_sharing_enabled":true,"_links":{"self":[{"href":"https:\/\/blog.grupoportfolio.com.br\/portfolio-tech\/wp-json\/wp\/v2\/pages\/8930","targetHints":{"allow":["GET"]}}],"collection":[{"href":"https:\/\/blog.grupoportfolio.com.br\/portfolio-tech\/wp-json\/wp\/v2\/pages"}],"about":[{"href":"https:\/\/blog.grupoportfolio.com.br\/portfolio-tech\/wp-json\/wp\/v2\/types\/page"}],"author":[{"embeddable":true,"href":"https:\/\/blog.grupoportfolio.com.br\/portfolio-tech\/wp-json\/wp\/v2\/users\/12"}],"replies":[{"embeddable":true,"href":"https:\/\/blog.grupoportfolio.com.br\/portfolio-tech\/wp-json\/wp\/v2\/comments?post=8930"}],"version-history":[{"count":4,"href":"https:\/\/blog.grupoportfolio.com.br\/portfolio-tech\/wp-json\/wp\/v2\/pages\/8930\/revisions"}],"predecessor-version":[{"id":9435,"href":"https:\/\/blog.grupoportfolio.com.br\/portfolio-tech\/wp-json\/wp\/v2\/pages\/8930\/revisions\/9435"}],"wp:attachment":[{"href":"https:\/\/blog.grupoportfolio.com.br\/portfolio-tech\/wp-json\/wp\/v2\/media?parent=8930"}],"curies":[{"name":"wp","href":"https:\/\/api.w.org\/{rel}","templated":true}]}}