{"id":8710,"date":"2022-01-12T10:50:17","date_gmt":"2022-01-12T13:50:17","guid":{"rendered":"https:\/\/blog.grupoportfolio.com.br\/portfolio-tech\/?page_id=8710"},"modified":"2023-08-16T22:16:02","modified_gmt":"2023-08-17T01:16:02","slug":"alocacao-de-especialistas-em-ti","status":"publish","type":"page","link":"https:\/\/blog.grupoportfolio.com.br\/portfolio-tech\/alocacao-de-especialistas-em-ti\/","title":{"rendered":"Aloca\u00e7\u00e3o de Especialistas em TI"},"content":{"rendered":"<p>[vc_row full_width=&#8221;stretch_row&#8221; css=&#8221;.vc_custom_1600195021649{padding-top: 230px !important;padding-bottom: 130px !important;background-color: #3192d0 !important;}&#8221;][vc_column css=&#8221;.vc_custom_1513003956648{padding-top: 0px !important;}&#8221;][vc_row_inner content_placement=&#8221;bottom&#8221;][vc_column_inner width=&#8221;1\/2&#8243; css=&#8221;.vc_custom_1515605719516{padding-top: 30px !important;padding-left: 0px !important;}&#8221;][vc_headings borderwidth=&#8221;0&#8243; borderclr=&#8221;#000000&#8243; title=&#8221;ALOCA\u00c7\u00c3O DE SERVI\u00c7O ESPECIALIZADO&#8221; align=&#8221;left&#8221; use_theme_fonts=&#8221;yes&#8221; titlesize=&#8221;20&#8243; titleclr=&#8221;#ffffff&#8221; desc_size=&#8221;45&#8243;]<\/p>\n<h2><span style=\"color: #ffffff;\">Mantenha o foco no seu neg\u00f3cio com o apoio de profissionais especializados.<\/span><\/h2>\n<p>[\/vc_headings][vc_empty_space][vc_btn title=&#8221;FALE COM UM ESPECIALISTA&#8221; style=&#8221;custom&#8221; custom_background=&#8221;#1dd985&#8243; custom_text=&#8221;#ffffff&#8221; align=&#8221;left&#8221; link=&#8221;url:%23contato&#8221;][\/vc_column_inner][vc_column_inner width=&#8221;1\/2&#8243; css=&#8221;.vc_custom_1516118904697{padding-right: 0px !important;}&#8221;][vc_single_image image=&#8221;9251&#8243; img_size=&#8221;full&#8221; alignment=&#8221;center&#8221; css=&#8221;.vc_custom_1644925313813{margin-top: 50px !important;}&#8221;][\/vc_column_inner][\/vc_row_inner][\/vc_column][\/vc_row][vc_row css=&#8221;.vc_custom_1644604797301{padding-top: 100px !important;}&#8221;][vc_column][vc_row_inner][vc_column_inner][vc_empty_space height=&#8221;25px&#8221;]<header class=\"kd-section-title col-lg-12 text-center solid-line sep-border-width-2     vc_custom_1644604227224\" ><h2 class=\"separator_on\" >Conte com uma equipe especializada para apoiar os seus projetos de TI<\/h2><div class=\"kd-separator below_title\" ><div class=\"kd-separator-line\" ><\/div><\/div><h6 class=\"subtitle \" >A Portfolio Tech tem profissionais capacitados nas mais diversas especialidades para atuar nos projetos e solu\u00e7\u00f5es avan\u00e7adas de TI da sua empresa.<\/h6><\/header>[\/vc_column_inner][\/vc_row_inner][vc_row_inner disable_element=&#8221;yes&#8221; css=&#8221;.vc_custom_1644604251828{padding-top: 40px !important;}&#8221;][vc_column_inner width=&#8221;1\/3&#8243; css=&#8221;.vc_custom_1600196138572{padding-right: 0px !important;padding-left: 0px !important;}&#8221;]<div class=\"key-icon-box icon-default icon-top cont-center with-border box-bg-color\" style=\"background-color: transparent; \" ><div class=\"ib-wrapper\"><div class=\"tt-iconbox-customimg img_medium_size\"><img fetchpriority=\"high\" decoding=\"async\" width=\"512\" height=\"512\" src=\"https:\/\/i0.wp.com\/blog.grupoportfolio.com.br\/portfolio-formacao\/wp-content\/uploads\/sites\/2\/2022\/02\/secure-shield.png?fit=512%2C512&amp;ssl=1\" class=\"attachment-full\" alt=\"\" srcset=\"https:\/\/i0.wp.com\/blog.grupoportfolio.com.br\/portfolio-formacao\/wp-content\/uploads\/sites\/2\/2022\/02\/secure-shield.png?w=512&amp;ssl=1 512w, https:\/\/i0.wp.com\/blog.grupoportfolio.com.br\/portfolio-formacao\/wp-content\/uploads\/sites\/2\/2022\/02\/secure-shield.png?resize=300%2C300&amp;ssl=1 300w, https:\/\/i0.wp.com\/blog.grupoportfolio.com.br\/portfolio-formacao\/wp-content\/uploads\/sites\/2\/2022\/02\/secure-shield.png?resize=150%2C150&amp;ssl=1 150w\" sizes=\"(max-width: 512px) 100vw, 512px\" \/><\/div><h6 class=\"service-heading\" >SEGURAN\u00c7A<\/h6><\/div><\/div>[\/vc_column_inner][vc_column_inner width=&#8221;1\/3&#8243; css=&#8221;.vc_custom_1513708833716{padding-right: 0px !important;padding-left: 0px !important;}&#8221;]<div class=\"key-icon-box icon-default icon-top cont-center with-border box-bg-color\" style=\"background-color: transparent; \" ><div class=\"ib-wrapper\"><div class=\"tt-iconbox-customimg img_medium_size\"><img decoding=\"async\" width=\"512\" height=\"512\" src=\"https:\/\/i0.wp.com\/blog.grupoportfolio.com.br\/portfolio-formacao\/wp-content\/uploads\/sites\/2\/2022\/02\/settings.png?fit=512%2C512&amp;ssl=1\" class=\"attachment-full\" alt=\"\" srcset=\"https:\/\/i0.wp.com\/blog.grupoportfolio.com.br\/portfolio-formacao\/wp-content\/uploads\/sites\/2\/2022\/02\/settings.png?w=512&amp;ssl=1 512w, https:\/\/i0.wp.com\/blog.grupoportfolio.com.br\/portfolio-formacao\/wp-content\/uploads\/sites\/2\/2022\/02\/settings.png?resize=300%2C300&amp;ssl=1 300w, https:\/\/i0.wp.com\/blog.grupoportfolio.com.br\/portfolio-formacao\/wp-content\/uploads\/sites\/2\/2022\/02\/settings.png?resize=150%2C150&amp;ssl=1 150w\" sizes=\"(max-width: 512px) 100vw, 512px\" \/><\/div><h6 class=\"service-heading\" >PERSONALIZA\u00c7\u00c3O<\/h6><\/div><\/div>[\/vc_column_inner][vc_column_inner width=&#8221;1\/3&#8243; css=&#8221;.vc_custom_1513708838261{padding-right: 0px !important;padding-left: 0px !important;}&#8221;]<div class=\"key-icon-box icon-default icon-top cont-center with-border box-bg-color\" style=\"background-color: transparent; \" ><div class=\"ib-wrapper\"><div class=\"tt-iconbox-customimg img_medium_size\"><img decoding=\"async\" width=\"512\" height=\"512\" src=\"https:\/\/i0.wp.com\/blog.grupoportfolio.com.br\/portfolio-formacao\/wp-content\/uploads\/sites\/2\/2022\/02\/growth.png?fit=512%2C512&amp;ssl=1\" class=\"attachment-full\" alt=\"\" srcset=\"https:\/\/i0.wp.com\/blog.grupoportfolio.com.br\/portfolio-formacao\/wp-content\/uploads\/sites\/2\/2022\/02\/growth.png?w=512&amp;ssl=1 512w, https:\/\/i0.wp.com\/blog.grupoportfolio.com.br\/portfolio-formacao\/wp-content\/uploads\/sites\/2\/2022\/02\/growth.png?resize=300%2C300&amp;ssl=1 300w, https:\/\/i0.wp.com\/blog.grupoportfolio.com.br\/portfolio-formacao\/wp-content\/uploads\/sites\/2\/2022\/02\/growth.png?resize=150%2C150&amp;ssl=1 150w\" sizes=\"(max-width: 512px) 100vw, 512px\" \/><\/div><h6 class=\"service-heading\" >VALOR AGREGADO<\/h6><\/div><\/div>[\/vc_column_inner][\/vc_row_inner][\/vc_column][\/vc_row][vc_row css=&#8221;.vc_custom_1644588957554{padding-top: 40px !important;padding-bottom: 40px !important;}&#8221;][vc_column][vc_row_inner][vc_column_inner]<header class=\"kd-section-title col-lg-12 text-center    \" ><h2 class=\"separator_off\" >O que fazemos<\/h2><\/header>[\/vc_column_inner][\/vc_row_inner][vc_row_inner css=&#8221;.vc_custom_1513705144894{padding-top: 60px !important;}&#8221;][vc_column_inner width=&#8221;1\/3&#8243;]<div class=\"key-icon-box icon-default icon-top cont-center  box-bg-color\" style=\"background-color: transparent; border: none;\" ><div class=\"ib-wrapper\"><div class=\"tt-iconbox-customimg img_medium_size\"><img loading=\"lazy\" decoding=\"async\" width=\"512\" height=\"512\" src=\"https:\/\/i0.wp.com\/blog.grupoportfolio.com.br\/portfolio-formacao\/wp-content\/uploads\/sites\/2\/2022\/02\/responsivo.png?fit=512%2C512&amp;ssl=1\" class=\"attachment-full\" alt=\"\" srcset=\"https:\/\/i0.wp.com\/blog.grupoportfolio.com.br\/portfolio-formacao\/wp-content\/uploads\/sites\/2\/2022\/02\/responsivo.png?w=512&amp;ssl=1 512w, https:\/\/i0.wp.com\/blog.grupoportfolio.com.br\/portfolio-formacao\/wp-content\/uploads\/sites\/2\/2022\/02\/responsivo.png?resize=300%2C300&amp;ssl=1 300w, https:\/\/i0.wp.com\/blog.grupoportfolio.com.br\/portfolio-formacao\/wp-content\/uploads\/sites\/2\/2022\/02\/responsivo.png?resize=150%2C150&amp;ssl=1 150w\" sizes=\"(max-width: 512px) 100vw, 512px\" \/><\/div><h6 class=\"service-heading\" >F\u00c1BRICA DE SOFTWARE<\/h6><\/div><\/div>[\/vc_column_inner][vc_column_inner width=&#8221;1\/3&#8243;]<div class=\"key-icon-box icon-default icon-top cont-center  box-bg-color\" style=\"background-color: transparent; border: none;\" ><div class=\"ib-wrapper\"><div class=\"tt-iconbox-customimg img_medium_size\"><img loading=\"lazy\" decoding=\"async\" width=\"512\" height=\"512\" src=\"https:\/\/i0.wp.com\/blog.grupoportfolio.com.br\/portfolio-formacao\/wp-content\/uploads\/sites\/2\/2022\/02\/outsourcing.png?fit=512%2C512&amp;ssl=1\" class=\"attachment-full\" alt=\"\" srcset=\"https:\/\/i0.wp.com\/blog.grupoportfolio.com.br\/portfolio-formacao\/wp-content\/uploads\/sites\/2\/2022\/02\/outsourcing.png?w=512&amp;ssl=1 512w, https:\/\/i0.wp.com\/blog.grupoportfolio.com.br\/portfolio-formacao\/wp-content\/uploads\/sites\/2\/2022\/02\/outsourcing.png?resize=300%2C300&amp;ssl=1 300w, https:\/\/i0.wp.com\/blog.grupoportfolio.com.br\/portfolio-formacao\/wp-content\/uploads\/sites\/2\/2022\/02\/outsourcing.png?resize=150%2C150&amp;ssl=1 150w\" sizes=\"(max-width: 512px) 100vw, 512px\" \/><\/div><h6 class=\"service-heading\" >ALOCA\u00c7\u00c3O DE PROFISSIONAIS ESPECIALIZADOS<\/h6><\/div><\/div>[\/vc_column_inner][vc_column_inner width=&#8221;1\/3&#8243;]<div class=\"key-icon-box icon-default icon-top cont-center  box-bg-color\" style=\"background-color: transparent; border: none;\" ><div class=\"ib-wrapper\"><div class=\"tt-iconbox-customimg img_medium_size\"><img loading=\"lazy\" decoding=\"async\" width=\"512\" height=\"512\" src=\"https:\/\/i0.wp.com\/blog.grupoportfolio.com.br\/portfolio-formacao\/wp-content\/uploads\/sites\/2\/2022\/02\/search.png?fit=512%2C512&amp;ssl=1\" class=\"attachment-full\" alt=\"\" srcset=\"https:\/\/i0.wp.com\/blog.grupoportfolio.com.br\/portfolio-formacao\/wp-content\/uploads\/sites\/2\/2022\/02\/search.png?w=512&amp;ssl=1 512w, https:\/\/i0.wp.com\/blog.grupoportfolio.com.br\/portfolio-formacao\/wp-content\/uploads\/sites\/2\/2022\/02\/search.png?resize=300%2C300&amp;ssl=1 300w, https:\/\/i0.wp.com\/blog.grupoportfolio.com.br\/portfolio-formacao\/wp-content\/uploads\/sites\/2\/2022\/02\/search.png?resize=150%2C150&amp;ssl=1 150w\" sizes=\"(max-width: 512px) 100vw, 512px\" \/><\/div><h6 class=\"service-heading\" >ADMINISTRA\u00c7\u00c3O DE BANCO DE DADOS<\/h6><\/div><\/div>[\/vc_column_inner][\/vc_row_inner][\/vc_column][\/vc_row][vc_row css=&#8221;.vc_custom_1644588957554{padding-top: 40px !important;padding-bottom: 40px !important;}&#8221;][vc_column][vc_row_inner][vc_column_inner]<header class=\"kd-section-title col-lg-12 text-center    \" ><h2 class=\"separator_off\" >Vantagens da aloca\u00e7\u00e3o de profissionais especializados em TI para a sua empresa<\/h2><\/header>[\/vc_column_inner][\/vc_row_inner][vc_row_inner css=&#8221;.vc_custom_1513705144894{padding-top: 60px !important;}&#8221;][vc_column_inner width=&#8221;1\/4&#8243;]<div class=\"key-icon-box icon-default icon-top cont-center  box-bg-color\" style=\"background-color: transparent; border: none;\" ><div class=\"ib-wrapper\"><div class=\"tt-iconbox-customimg img_medium_size\"><img loading=\"lazy\" decoding=\"async\" width=\"512\" height=\"512\" src=\"https:\/\/i0.wp.com\/blog.grupoportfolio.com.br\/portfolio-formacao\/wp-content\/uploads\/sites\/2\/2022\/02\/responsivo.png?fit=512%2C512&amp;ssl=1\" class=\"attachment-full\" alt=\"\" srcset=\"https:\/\/i0.wp.com\/blog.grupoportfolio.com.br\/portfolio-formacao\/wp-content\/uploads\/sites\/2\/2022\/02\/responsivo.png?w=512&amp;ssl=1 512w, https:\/\/i0.wp.com\/blog.grupoportfolio.com.br\/portfolio-formacao\/wp-content\/uploads\/sites\/2\/2022\/02\/responsivo.png?resize=300%2C300&amp;ssl=1 300w, https:\/\/i0.wp.com\/blog.grupoportfolio.com.br\/portfolio-formacao\/wp-content\/uploads\/sites\/2\/2022\/02\/responsivo.png?resize=150%2C150&amp;ssl=1 150w\" sizes=\"(max-width: 512px) 100vw, 512px\" \/><\/div><h6 class=\"service-heading\" >MANTENHA O FOCO NO ESTRAT\u00c9GICO<\/h6><p >Mantenha suas equipes internas em a\u00e7\u00f5es estrat\u00e9gicas e nos encarregamos das execu\u00e7\u00f5es de tarefas operacionais em TI.<\/p><\/div><\/div>[\/vc_column_inner][vc_column_inner width=&#8221;1\/4&#8243;]<div class=\"key-icon-box icon-default icon-top cont-center  box-bg-color\" style=\"background-color: transparent; border: none;\" ><div class=\"ib-wrapper\"><div class=\"tt-iconbox-customimg img_medium_size\"><img loading=\"lazy\" decoding=\"async\" width=\"512\" height=\"512\" src=\"https:\/\/i0.wp.com\/blog.grupoportfolio.com.br\/portfolio-formacao\/wp-content\/uploads\/sites\/2\/2020\/09\/home-icon-inovacao.png?fit=512%2C512&amp;ssl=1\" class=\"attachment-full\" alt=\"\" srcset=\"https:\/\/i0.wp.com\/blog.grupoportfolio.com.br\/portfolio-formacao\/wp-content\/uploads\/sites\/2\/2020\/09\/home-icon-inovacao.png?w=512&amp;ssl=1 512w, https:\/\/i0.wp.com\/blog.grupoportfolio.com.br\/portfolio-formacao\/wp-content\/uploads\/sites\/2\/2020\/09\/home-icon-inovacao.png?resize=300%2C300&amp;ssl=1 300w, https:\/\/i0.wp.com\/blog.grupoportfolio.com.br\/portfolio-formacao\/wp-content\/uploads\/sites\/2\/2020\/09\/home-icon-inovacao.png?resize=150%2C150&amp;ssl=1 150w, https:\/\/i0.wp.com\/blog.grupoportfolio.com.br\/portfolio-formacao\/wp-content\/uploads\/sites\/2\/2020\/09\/home-icon-inovacao.png?resize=100%2C100&amp;ssl=1 100w\" sizes=\"(max-width: 512px) 100vw, 512px\" \/><\/div><h6 class=\"service-heading\" >AUMENTE SUA COMPETITIVIDADE<\/h6><p >Garanta mais capacidade de produ\u00e7\u00e3o de novos produtos e servi\u00e7os unindo for\u00e7as e compet\u00eancias ao seu neg\u00f3cio.<\/p><\/div><\/div>[\/vc_column_inner][vc_column_inner width=&#8221;1\/4&#8243;]<div class=\"key-icon-box icon-default icon-top cont-center  box-bg-color\" style=\"background-color: transparent; border: none;\" ><div class=\"ib-wrapper\"><div class=\"tt-iconbox-customimg img_medium_size\"><img loading=\"lazy\" decoding=\"async\" width=\"512\" height=\"513\" src=\"https:\/\/i0.wp.com\/blog.grupoportfolio.com.br\/portfolio-formacao\/wp-content\/uploads\/sites\/2\/2020\/09\/home-icon-transformacao_digital.png?fit=512%2C513&amp;ssl=1\" class=\"attachment-full\" alt=\"\" srcset=\"https:\/\/i0.wp.com\/blog.grupoportfolio.com.br\/portfolio-formacao\/wp-content\/uploads\/sites\/2\/2020\/09\/home-icon-transformacao_digital.png?w=512&amp;ssl=1 512w, https:\/\/i0.wp.com\/blog.grupoportfolio.com.br\/portfolio-formacao\/wp-content\/uploads\/sites\/2\/2020\/09\/home-icon-transformacao_digital.png?resize=300%2C300&amp;ssl=1 300w, https:\/\/i0.wp.com\/blog.grupoportfolio.com.br\/portfolio-formacao\/wp-content\/uploads\/sites\/2\/2020\/09\/home-icon-transformacao_digital.png?resize=150%2C150&amp;ssl=1 150w, https:\/\/i0.wp.com\/blog.grupoportfolio.com.br\/portfolio-formacao\/wp-content\/uploads\/sites\/2\/2020\/09\/home-icon-transformacao_digital.png?resize=100%2C100&amp;ssl=1 100w\" sizes=\"(max-width: 512px) 100vw, 512px\" \/><\/div><h6 class=\"service-heading\" >AGREGUE NOVAS TECNOLOGIAS<\/h6><p >Utilizamos nossas metodologias, tecnologias e conhecimentos \u00e0 servi\u00e7o da melhor execu\u00e7\u00e3o dos seus projetos.<\/p><\/div><\/div>[\/vc_column_inner][vc_column_inner width=&#8221;1\/4&#8243;]<div class=\"key-icon-box icon-default icon-top cont-center  box-bg-color\" style=\"background-color: transparent; border: none;\" ><div class=\"ib-wrapper\"><div class=\"tt-iconbox-customimg img_medium_size\"><img loading=\"lazy\" decoding=\"async\" width=\"512\" height=\"512\" src=\"https:\/\/i0.wp.com\/blog.grupoportfolio.com.br\/portfolio-formacao\/wp-content\/uploads\/sites\/2\/2022\/02\/search.png?fit=512%2C512&amp;ssl=1\" class=\"attachment-full\" alt=\"\" srcset=\"https:\/\/i0.wp.com\/blog.grupoportfolio.com.br\/portfolio-formacao\/wp-content\/uploads\/sites\/2\/2022\/02\/search.png?w=512&amp;ssl=1 512w, https:\/\/i0.wp.com\/blog.grupoportfolio.com.br\/portfolio-formacao\/wp-content\/uploads\/sites\/2\/2022\/02\/search.png?resize=300%2C300&amp;ssl=1 300w, https:\/\/i0.wp.com\/blog.grupoportfolio.com.br\/portfolio-formacao\/wp-content\/uploads\/sites\/2\/2022\/02\/search.png?resize=150%2C150&amp;ssl=1 150w\" sizes=\"(max-width: 512px) 100vw, 512px\" \/><\/div><h6 class=\"service-heading\" >REDUZA SUAS DESPESAS DE PESSOAL<\/h6><p >Garanta uma equipe interna enxuta e focada, com dinamismo e flexibilidade para o seu neg\u00f3cio.<\/p><\/div><\/div>[\/vc_column_inner][\/vc_row_inner][\/vc_column][\/vc_row][vc_row css=&#8221;.vc_custom_1643802629064{padding-top: 40px !important;padding-bottom: 40px !important;}&#8221;][vc_column][vc_row_inner][vc_column_inner]<header class=\"kd-section-title col-lg-12 text-center solid-line sep-border-width-1    \" ><h2 class=\"separator_on\" >Nossos cases<\/h2><div class=\"kd-separator below_title\" ><div class=\"kd-separator-line\" ><\/div><\/div><h6 class=\"subtitle \" >Confira o detalhamento de alguns cases em desenvolvimento de aplica\u00e7\u00f5es da Portfolio Tech.<\/h6><\/header>[\/vc_column_inner][\/vc_row_inner][vc_row_inner css=&#8221;.vc_custom_1643803109802{padding-top: 40px !important;}&#8221;][vc_column_inner][vc_raw_html]JTNDcCUzRSU1QnBzYWNfcG9zdF9jYXJvdXNlbCUyMHNob3dfZGF0ZSUzRCUyMmZhbHNlJTIyJTIwc2hvd19hdXRob3IlM0QlMjJmYWxzZSUyMiUyMHNob3dfdGFncyUzRCUyMmZhbHNlJTIyJTIwc2hvd19jb21tZW50cyUzRCUyMmZhbHNlJTIyJTIwc2hvd19jYXRlZ29yeSUzRCUyMmZhbHNlJTIyJTIwc2hvd19jb250ZW50JTNEJTIyZmFsc2UlMjIlMjBzbGlkZXJoZWlnaHQlM0QlMjIzNTAlMjIlMjBhcnJvd3MlM0QlMjJmYWxzZSUyMiUyMGRvdHMlM0QlMjJmYWxzZSUyMiUyMGxpbWl0JTNEJTIyNiUyMiUyMGNhdGVnb3J5JTNEJTIyYWxvY2FjYW8tZGUtc2Vydmljby1lc3BlY2lhbGl6YWRvJTIyJTVEJTNDJTJGcCUzRQ==[\/vc_raw_html][vc_empty_space height=&#8221;30px&#8221;][vc_btn title=&#8221;VER TODOS OS CASES&#8221; style=&#8221;custom&#8221; custom_background=&#8221;#1dd985&#8243; custom_text=&#8221;#ffffff&#8221; align=&#8221;center&#8221; link=&#8221;url:https%3A%2F%2Fblog.grupoportfolio.com.br%2Fportfolio-tech%2Fcases-portfolio-tech%2F|title:Cases%20Portfolio%20Tech&#8221;][\/vc_column_inner][\/vc_row_inner][\/vc_column][\/vc_row][vc_row full_width=&#8221;stretch_row&#8221; css=&#8221;.vc_custom_1622476858066{padding-bottom: 0px !important;}&#8221;][vc_column css=&#8221;.vc_custom_1516095762744{padding-right: 0px !important;padding-left: 0px !important;}&#8221;][vc_row_inner css=&#8221;.vc_custom_1644106211622{padding-top: 40px !important;padding-bottom: 40px !important;}&#8221; el_id=&#8221;contato&#8221;][vc_column_inner width=&#8221;1\/4&#8243; css=&#8221;.vc_custom_1515496499525{padding-top: 60px !important;padding-left: 120px !important;}&#8221;][\/vc_column_inner][vc_column_inner width=&#8221;1\/2&#8243;][vc_empty_space height=&#8221;30px&#8221;]<header class=\"kd-section-title col-lg-12 text-center solid-line sep-border-width-2    \" ><h2 class=\"separator_on\" >Fale com a Portfolio Tech<\/h2><div class=\"kd-separator below_title\" ><div class=\"kd-separator-line\" ><\/div><\/div><h6 class=\"subtitle \" >Quer saber o que podemos fazer para otimizar a sua empresa? Consulte agora um especialista.<\/h6><\/header>[vc_empty_space height=&#8221;30px&#8221;]<div class=\"kd-contact-form full-width-cf\" >\n<div class=\"wpcf7 no-js\" id=\"wpcf7-f8576-o1\" lang=\"pt-BR\" dir=\"ltr\" data-wpcf7-id=\"8576\">\n<div class=\"screen-reader-response\"><p role=\"status\" aria-live=\"polite\" aria-atomic=\"true\"><\/p> <ul><\/ul><\/div>\n<form action=\"\/portfolio-tech\/wp-json\/wp\/v2\/pages\/8710#wpcf7-f8576-o1\" method=\"post\" class=\"wpcf7-form init\" aria-label=\"Formul\u00e1rios de contato\" novalidate=\"novalidate\" data-status=\"init\">\n<div style=\"display: none;\">\n<input type=\"hidden\" name=\"_wpcf7\" value=\"8576\" \/>\n<input type=\"hidden\" name=\"_wpcf7_version\" value=\"6.0.6\" \/>\n<input type=\"hidden\" name=\"_wpcf7_locale\" value=\"pt_BR\" \/>\n<input type=\"hidden\" name=\"_wpcf7_unit_tag\" value=\"wpcf7-f8576-o1\" \/>\n<input type=\"hidden\" name=\"_wpcf7_container_post\" value=\"0\" \/>\n<input type=\"hidden\" name=\"_wpcf7_posted_data_hash\" value=\"\" \/>\n<input type=\"hidden\" name=\"_wpcf7_recaptcha_response\" value=\"\" \/>\n<\/div>\n<div class=\"form\">\n\t<div class=\"form__input\">\n\t\t<p><span class=\"wpcf7-form-control-wrap\" data-name=\"nome\"><input size=\"40\" maxlength=\"400\" class=\"wpcf7-form-control wpcf7-text wpcf7-validates-as-required\" aria-required=\"true\" aria-invalid=\"false\" placeholder=\"Nome\" value=\"\" type=\"text\" name=\"nome\" \/><\/span>\n\t\t<\/p>\n\t<\/div>\n\t<div class=\"form__input\">\n\t\t<p><span class=\"wpcf7-form-control-wrap\" data-name=\"telefone\"><input size=\"40\" maxlength=\"400\" class=\"wpcf7-form-control wpcf7-tel wpcf7-validates-as-required wpcf7-text wpcf7-validates-as-tel\" aria-required=\"true\" aria-invalid=\"false\" placeholder=\"Telefone\" value=\"\" type=\"tel\" name=\"telefone\" \/><\/span>\n\t\t<\/p>\n\t<\/div>\n\t<div class=\"form__input\">\n\t\t<p><span class=\"wpcf7-form-control-wrap\" data-name=\"email\"><input size=\"40\" maxlength=\"400\" class=\"wpcf7-form-control wpcf7-email wpcf7-validates-as-required wpcf7-text wpcf7-validates-as-email\" aria-required=\"true\" aria-invalid=\"false\" placeholder=\"E-mail\" value=\"\" type=\"email\" name=\"email\" \/><\/span>\n\t\t<\/p>\n\t<\/div>\n\t<div class=\"form__input\">\n\t\t<p><span class=\"wpcf7-form-control-wrap\" data-name=\"mensagem\"><textarea cols=\"40\" rows=\"10\" maxlength=\"2000\" class=\"wpcf7-form-control wpcf7-textarea wpcf7-validates-as-required\" aria-required=\"true\" aria-invalid=\"false\" placeholder=\"Mensagem\" name=\"mensagem\"><\/textarea><\/span>\n\t\t<\/p>\n\t<\/div>\n\t<div class=\"form__input\">\n\t\t<p><span class=\"wpcf7-form-control-wrap\" data-name=\"aceite-termos\"><span class=\"wpcf7-form-control wpcf7-checkbox\"><span class=\"wpcf7-list-item first last\"><label><input type=\"checkbox\" name=\"aceite-termos[]\" value=\"Aceito receber informa\u00e7\u00f5es sobre ofertas e servi\u00e7os do Grupo Portfolio.\" \/><span class=\"wpcf7-list-item-label\">Aceito receber informa\u00e7\u00f5es sobre ofertas e servi\u00e7os do Grupo Portfolio.<\/span><\/label><\/span><\/span><\/span>\n\t\t<\/p>\n\t<\/div>\n\t<div class=\"form__input form__input--btnLarge\">\n\t\t<p><input class=\"wpcf7-form-control wpcf7-submit has-spinner\" type=\"submit\" value=\"Enviar\" \/>\n\t\t<\/p>\n\t<\/div>\n\t<div style=\"display:none;\">\n\t\t<p><span class=\"wpcf7-form-control-wrap\" data-name=\"identificador\"><input size=\"40\" maxlength=\"400\" class=\"wpcf7-form-control wpcf7-text\" aria-invalid=\"false\" value=\"pagina contato\" type=\"text\" name=\"identificador\" \/><\/span><br \/>\n<span class=\"wpcf7-form-control-wrap\" data-name=\"c_utmz\"><input size=\"40\" maxlength=\"400\" class=\"wpcf7-form-control wpcf7-text\" id=\"cookieutmz\" aria-invalid=\"false\" value=\"\" type=\"text\" name=\"c_utmz\" \/><\/span>\n\t\t<\/p>\n\t<\/div>\n\t<p><script type=\"text\/javascript\">\nfunction read_cookie(a){var b=a+\"=\";var c=document.cookie.split(\";\");for(var d=0;d\n\t\t\t<c.length;d++){var e=c[d];while(e.charAt(0)==\" \")e=e.substring(1,e.length);if(e.indexOf(b)==0){return e.substring(b.length,e.length)}}return null}try{document.getElementById(\"cookieutmz\").value=read_cookie(\"__utmz\")}catch(err){}\n<\/script>\n\t\t\t<\/c.length;d++){var><\/script>\n\t<\/p>\n<\/div><p style=\"display: none !important;\" class=\"akismet-fields-container\" data-prefix=\"_wpcf7_ak_\"><label>&#916;<textarea name=\"_wpcf7_ak_hp_textarea\" cols=\"45\" rows=\"8\" maxlength=\"100\"><\/textarea><\/label><input type=\"hidden\" id=\"ak_js_1\" name=\"_wpcf7_ak_js\" value=\"235\"\/><script>document.getElementById( \"ak_js_1\" ).setAttribute( \"value\", ( new Date() ).getTime() );<\/script><\/p><div class=\"wpcf7-response-output\" aria-hidden=\"true\"><\/div>\n<\/form>\n<\/div>\n<\/div>[\/vc_column_inner][vc_column_inner width=&#8221;1\/4&#8243;][\/vc_column_inner][\/vc_row_inner][\/vc_column][\/vc_row]<\/p>\n","protected":false},"excerpt":{"rendered":"<p>[vc_row full_width=&#8221;stretch_row&#8221; css=&#8221;.vc_custom_1600195021649{padding-top: 230px !important;padding-bottom: 130px !important;background-color: #3192d0 !important;}&#8221;][vc_column css=&#8221;.vc_custom_1513003956648{padding-top: 0px !important;}&#8221;][vc_row_inner content_placement=&#8221;bottom&#8221;][vc_column_inner width=&#8221;1\/2&#8243; css=&#8221;.vc_custom_1515605719516{padding-top: 30px !important;padding-left: 0px !important;}&#8221;][vc_headings borderwidth=&#8221;0&#8243; borderclr=&#8221;#000000&#8243; title=&#8221;ALOCA\u00c7\u00c3O DE SERVI\u00c7O ESPECIALIZADO&#8221; align=&#8221;left&#8221; use_theme_fonts=&#8221;yes&#8221; titlesize=&#8221;20&#8243; titleclr=&#8221;#ffffff&#8221; desc_size=&#8221;45&#8243;] Mantenha o foco no seu neg\u00f3cio com o apoio de profissionais especializados. [\/vc_headings][vc_empty_space][vc_btn title=&#8221;FALE [&hellip;]<\/p>\n","protected":false},"author":31,"featured_media":0,"parent":0,"menu_order":0,"comment_status":"closed","ping_status":"closed","template":"","meta":{"footnotes":""},"class_list":["post-8710","page","type-page","status-publish","hentry"],"aioseo_notices":[],"jetpack_sharing_enabled":true,"_links":{"self":[{"href":"https:\/\/blog.grupoportfolio.com.br\/portfolio-tech\/wp-json\/wp\/v2\/pages\/8710","targetHints":{"allow":["GET"]}}],"collection":[{"href":"https:\/\/blog.grupoportfolio.com.br\/portfolio-tech\/wp-json\/wp\/v2\/pages"}],"about":[{"href":"https:\/\/blog.grupoportfolio.com.br\/portfolio-tech\/wp-json\/wp\/v2\/types\/page"}],"author":[{"embeddable":true,"href":"https:\/\/blog.grupoportfolio.com.br\/portfolio-tech\/wp-json\/wp\/v2\/users\/31"}],"replies":[{"embeddable":true,"href":"https:\/\/blog.grupoportfolio.com.br\/portfolio-tech\/wp-json\/wp\/v2\/comments?post=8710"}],"version-history":[{"count":4,"href":"https:\/\/blog.grupoportfolio.com.br\/portfolio-tech\/wp-json\/wp\/v2\/pages\/8710\/revisions"}],"predecessor-version":[{"id":9437,"href":"https:\/\/blog.grupoportfolio.com.br\/portfolio-tech\/wp-json\/wp\/v2\/pages\/8710\/revisions\/9437"}],"wp:attachment":[{"href":"https:\/\/blog.grupoportfolio.com.br\/portfolio-tech\/wp-json\/wp\/v2\/media?parent=8710"}],"curies":[{"name":"wp","href":"https:\/\/api.w.org\/{rel}","templated":true}]}}