{"id":638,"date":"2020-09-15T12:51:55","date_gmt":"2020-09-15T15:51:55","guid":{"rendered":"https:\/\/blog.grupoportfolio.com.br\/portfolio-tech\/?page_id=638"},"modified":"2024-05-14T16:59:33","modified_gmt":"2024-05-14T19:59:33","slug":"pinmais","status":"publish","type":"page","link":"https:\/\/blog.grupoportfolio.com.br\/portfolio-tech\/pinmais\/","title":{"rendered":"Pin+"},"content":{"rendered":"<p>[vc_row full_width=&#8221;stretch_row&#8221; css=&#8221;.vc_custom_1600195021649{padding-top: 230px !important;padding-bottom: 130px !important;background-color: #3192d0 !important;}&#8221;][vc_column css=&#8221;.vc_custom_1513003956648{padding-top: 0px !important;}&#8221;][vc_row_inner content_placement=&#8221;bottom&#8221;][vc_column_inner width=&#8221;1\/2&#8243; css=&#8221;.vc_custom_1515605719516{padding-top: 30px !important;padding-left: 0px !important;}&#8221;]<header class=\"kd-section-title col-lg-12 text-left    \" ><h2 class=\"separator_off\" style=\"color: #ffffff;font-size: 45px;\">O apoio que voc\u00ea precisa para desenvolver a Cultura Organizacional da sua empresa.<\/h2><\/header>[vc_btn title=&#8221;FALE COM UM ESPECIALISTA&#8221; style=&#8221;custom&#8221; custom_background=&#8221;#1dd985&#8243; custom_text=&#8221;#ffffff&#8221; link=&#8221;url:%23contato&#8221;][\/vc_column_inner][vc_column_inner width=&#8221;1\/2&#8243; css=&#8221;.vc_custom_1516118904697{padding-right: 0px !important;}&#8221;][vc_single_image image=&#8221;404&#8243; img_size=&#8221;full&#8221; alignment=&#8221;center&#8221; css=&#8221;.vc_custom_1600197997238{margin-top: 50px !important;}&#8221;][\/vc_column_inner][\/vc_row_inner][\/vc_column][\/vc_row][vc_row css=&#8221;.vc_custom_1643809421717{padding-top: 40px !important;padding-bottom: 40px !important;}&#8221;][vc_column][vc_row_inner][vc_column_inner][vc_empty_space height=&#8221;25px&#8221;]<header class=\"kd-section-title col-lg-12 text-center solid-line sep-border-width-2     vc_custom_1692234348930\" ><h2 class=\"separator_on\" >O Pin+ ajuda na constru\u00e7\u00e3o da cultura da sua organiza\u00e7\u00e3o<\/h2><div class=\"kd-separator below_title\" ><div class=\"kd-separator-line\" ><\/div><\/div><h6 class=\"subtitle \" >Com o Pin+ voc\u00ea pode fornecer feedbacks aos seus colaboradores para que eles pratiquem comportamentos positivos em prol do fortalecimento da cultura organizacional. Confira as funcionalidades do sistema:<\/h6><\/header>[\/vc_column_inner][\/vc_row_inner][vc_row_inner equal_height=&#8221;yes&#8221; gap=&#8221;20&#8243;][vc_column_inner width=&#8221;1\/3&#8243; css=&#8221;.vc_custom_1643808891619{padding-right: 0px !important;padding-left: 0px !important;background-color: #fafafa !important;border-radius: 10px !important;}&#8221;]<div class=\"key-icon-box icon-default icon-top cont-center  box-bg-color kd-animated zoomIn\" style=\"background-color: transparent; border: none;\" ><div class=\"ib-wrapper\"><i class=\"fas fa-medal fa\" style=\" color: #1dd985;\"><\/i> <h6 class=\"service-heading\" >Crie ranking de colaboradores<\/h6><p >Acessando o quadro geral, voc\u00ea poder\u00e1 checar a quantidade de colaboradores e pins distribu\u00eddos e ranquear o seu time.<\/p><\/div><\/div>[\/vc_column_inner][vc_column_inner width=&#8221;1\/3&#8243; css=&#8221;.vc_custom_1643808919158{padding-right: 0px !important;padding-left: 0px !important;background-color: #fafafa !important;border-radius: 10px !important;}&#8221;]<div class=\"key-icon-box icon-default icon-top cont-center  box-bg-color kd-animated zoomIn\" style=\"background-color: transparent; border: none;\" data-animation-delay=200><div class=\"ib-wrapper\"><i class=\"fas fa-gift fa\" style=\" color: #1dd985;\"><\/i> <h6 class=\"service-heading\" >Construa a\u00e7\u00f5es de incentivo<\/h6><p >Voc\u00ea poder\u00e1 checar todos os pins dedicados e filtr\u00e1-los por m\u00eas e ano. Com o monitoramento, fa\u00e7a divulga\u00e7\u00f5es e crie premia\u00e7\u00f5es.<\/p><\/div><\/div>[\/vc_column_inner][vc_column_inner width=&#8221;1\/3&#8243; css=&#8221;.vc_custom_1643808934158{padding-right: 0px !important;padding-left: 0px !important;background-color: #fafafa !important;border-radius: 10px !important;}&#8221;]<div class=\"key-icon-box icon-default icon-top cont-center  box-bg-color kd-animated zoomIn\" style=\"background-color: transparent; border: none;\" data-animation-delay=400><div class=\"ib-wrapper\"><i class=\"fas fa-comments fa\" style=\" color: #1dd985;\"><\/i> <h6 class=\"service-heading\" >Tenha interatividade e facilidade<\/h6><p >Al\u00e9m da vers\u00e3o desktop, os colaboradores ter\u00e3o acesso a uma rede social exclusiva para avaliar os colegas, al\u00e9m de uma vers\u00e3o mobile do sistema.<\/p><\/div><\/div>[\/vc_column_inner][\/vc_row_inner][\/vc_column][\/vc_row][vc_row css=&#8221;.vc_custom_1643809763702{padding-bottom: 40px !important;}&#8221;][vc_column][vc_row_inner css=&#8221;.vc_custom_1644281970664{padding-top: 60px !important;}&#8221;][vc_column_inner]<header class=\"kd-section-title col-lg-12 text-center    \" ><h2 class=\"separator_off\" >Veja passo a passo como funciona o PIN+ :<\/h2><\/header>[vc_empty_space height=&#8221;25px&#8221;]\r\n            <div class=\"kd-process-steps process_three_elem process-number-template \">\r\n                <ul>\r\n                <li class=\"pss-item\" >\r\n                    <div class=\"pss-container  \" ><div class=\"pss-img-area\"><div class=\"process-customimg\"><img decoding=\"async\" width=\"200\" height=\"130\" src=\"https:\/\/i0.wp.com\/blog.grupoportfolio.com.br\/portfolio-formacao\/wp-content\/uploads\/sites\/2\/2020\/09\/tech-pin-passo-1.png?fit=200%2C130&amp;ssl=1\" class=\"attachment-full\" alt=\"\" \/><\/div><\/div><div class=\"pss-text-area\">\r\n                            <h4 >Cadastrar Chaves de Excel\u00eancia<\/h4>\r\n                            <p >O setor respons\u00e1vel dever\u00e1 cadastrar as Chaves de Excel\u00eancia da empresa: os valores organizacionais mais importantes para o seu neg\u00f3cio.<\/p><\/div>\r\n                    <\/div>\r\n                <\/li>\r\n                <li class=\"pss-item\" >\r\n                    <div class=\"pss-container  \" ><div class=\"pss-img-area\"><div class=\"process-customimg\"><img decoding=\"async\" width=\"200\" height=\"130\" src=\"https:\/\/i0.wp.com\/blog.grupoportfolio.com.br\/portfolio-formacao\/wp-content\/uploads\/sites\/2\/2020\/09\/tech-pin-passo-2.png?fit=200%2C130&amp;ssl=1\" class=\"attachment-full\" alt=\"\" \/><\/div><\/div><div class=\"pss-text-area\">\r\n                            <h4 >Iniciar uso do sistema<\/h4>\r\n                            <p >Todos os colaboradores da empresa dever\u00e3o ser cadastrados para poderem iniciar o uso do sistema.<\/p><\/div>\r\n                    <\/div>\r\n                <\/li>\r\n                <li class=\"pss-item\" >\r\n                    <div class=\"pss-container  \" ><div class=\"pss-img-area\"><div class=\"process-customimg\"><img decoding=\"async\" width=\"200\" height=\"130\" src=\"https:\/\/i0.wp.com\/blog.grupoportfolio.com.br\/portfolio-formacao\/wp-content\/uploads\/sites\/2\/2020\/09\/tech-pin-passo-3.png?fit=200%2C130&amp;ssl=1\" class=\"attachment-full\" alt=\"\" \/><\/div><\/div><div class=\"pss-text-area\">\r\n                            <h4 >Avaliar e dar feedbacks<\/h4>\r\n                            <p >Ap\u00f3s isso, deve ocorrer a disponibiliza\u00e7\u00e3o do acesso aos colaboradores que poder\u00e3o avaliar uns aos outros e distribuir seus feedbacks baseados nas chaves de excel\u00eancia.<\/p><\/div>\r\n                    <\/div>\r\n                <\/li><\/ul>\r\n            <\/div>[\/vc_column_inner][\/vc_row_inner][vc_row_inner][vc_column_inner][vc_empty_space height=&#8221;100px&#8221;][vc_column_text]<\/p>\n<blockquote>\n<h4 style=\"text-align: center;\">Realize a gest\u00e3o e operacionaliza\u00e7\u00e3o de um programa de desenvolvimento e fortalecimento de cultura organizacional para sua empresa.<\/h4>\n<\/blockquote>\n<p>[\/vc_column_text][vc_empty_space height=&#8221;30px&#8221;][\/vc_column_inner][\/vc_row_inner][\/vc_column][\/vc_row][vc_row disable_element=&#8221;yes&#8221; css=&#8221;.vc_custom_1644280888946{padding-bottom: 40px !important;}&#8221;][vc_column][vc_row_inner][vc_column_inner][vc_empty_space height=&#8221;50px&#8221;]<header class=\"kd-section-title col-lg-12 text-center    \" ><h2 class=\"separator_off\" >Cases<\/h2><\/header>[\/vc_column_inner][\/vc_row_inner][vc_basic_grid post_type=&#8221;post&#8221; max_items=&#8221;10&#8243; style=&#8221;pagination&#8221; items_per_page=&#8221;3&#8243; arrows_design=&#8221;vc_arrow-icon-arrow_01_left&#8221; arrows_position=&#8221;outside&#8221; item=&#8221;masonryGrid_OverlayWithRotation&#8221; grid_id=&#8221;vc_gid:1692234168276-fb46bb0c-76c8-4&#8243; taxonomies=&#8221;36&#8243;][\/vc_column][\/vc_row][vc_row full_width=&#8221;stretch_row&#8221; css=&#8221;.vc_custom_1644854810095{padding-bottom: 0px !important;}&#8221; el_id=&#8221;contato&#8221;][vc_column width=&#8221;1\/4&#8243; css=&#8221;.vc_custom_1516095762744{padding-right: 0px !important;padding-left: 0px !important;}&#8221;][\/vc_column][vc_column width=&#8221;1\/2&#8243;][vc_empty_space height=&#8221;30px&#8221;]<header class=\"kd-section-title col-lg-12 text-center solid-line sep-border-width-2    \" ><h2 class=\"separator_on\" >Fale com a Portfolio Tech<\/h2><div class=\"kd-separator below_title\" ><div class=\"kd-separator-line\" ><\/div><\/div><h6 class=\"subtitle \" >Gostaria de saber mais sobre as solu\u00e7\u00f5es que o PIN+ oferece? Consulte agora um especialista.<\/h6><\/header>[vc_empty_space height=&#8221;30px&#8221;]<div class=\"kd-contact-form full-width-cf\" >\n<div class=\"wpcf7 no-js\" id=\"wpcf7-f8576-o1\" lang=\"pt-BR\" dir=\"ltr\" data-wpcf7-id=\"8576\">\n<div class=\"screen-reader-response\"><p role=\"status\" aria-live=\"polite\" aria-atomic=\"true\"><\/p> <ul><\/ul><\/div>\n<form action=\"\/portfolio-tech\/wp-json\/wp\/v2\/pages\/638#wpcf7-f8576-o1\" method=\"post\" class=\"wpcf7-form init\" aria-label=\"Formul\u00e1rios de contato\" novalidate=\"novalidate\" data-status=\"init\">\n<div style=\"display: none;\">\n<input type=\"hidden\" name=\"_wpcf7\" value=\"8576\" \/>\n<input type=\"hidden\" name=\"_wpcf7_version\" value=\"6.0.6\" \/>\n<input type=\"hidden\" name=\"_wpcf7_locale\" value=\"pt_BR\" \/>\n<input type=\"hidden\" name=\"_wpcf7_unit_tag\" value=\"wpcf7-f8576-o1\" \/>\n<input type=\"hidden\" name=\"_wpcf7_container_post\" value=\"0\" \/>\n<input type=\"hidden\" name=\"_wpcf7_posted_data_hash\" value=\"\" \/>\n<input type=\"hidden\" name=\"_wpcf7_recaptcha_response\" value=\"\" \/>\n<\/div>\n<div class=\"form\">\n\t<div class=\"form__input\">\n\t\t<p><span class=\"wpcf7-form-control-wrap\" data-name=\"nome\"><input size=\"40\" maxlength=\"400\" class=\"wpcf7-form-control wpcf7-text wpcf7-validates-as-required\" aria-required=\"true\" aria-invalid=\"false\" placeholder=\"Nome\" value=\"\" type=\"text\" name=\"nome\" \/><\/span>\n\t\t<\/p>\n\t<\/div>\n\t<div class=\"form__input\">\n\t\t<p><span class=\"wpcf7-form-control-wrap\" data-name=\"telefone\"><input size=\"40\" maxlength=\"400\" class=\"wpcf7-form-control wpcf7-tel wpcf7-validates-as-required wpcf7-text wpcf7-validates-as-tel\" aria-required=\"true\" aria-invalid=\"false\" placeholder=\"Telefone\" value=\"\" type=\"tel\" name=\"telefone\" \/><\/span>\n\t\t<\/p>\n\t<\/div>\n\t<div class=\"form__input\">\n\t\t<p><span class=\"wpcf7-form-control-wrap\" data-name=\"email\"><input size=\"40\" maxlength=\"400\" class=\"wpcf7-form-control wpcf7-email wpcf7-validates-as-required wpcf7-text wpcf7-validates-as-email\" aria-required=\"true\" aria-invalid=\"false\" placeholder=\"E-mail\" value=\"\" type=\"email\" name=\"email\" \/><\/span>\n\t\t<\/p>\n\t<\/div>\n\t<div class=\"form__input\">\n\t\t<p><span class=\"wpcf7-form-control-wrap\" data-name=\"mensagem\"><textarea cols=\"40\" rows=\"10\" maxlength=\"2000\" class=\"wpcf7-form-control wpcf7-textarea wpcf7-validates-as-required\" aria-required=\"true\" aria-invalid=\"false\" placeholder=\"Mensagem\" name=\"mensagem\"><\/textarea><\/span>\n\t\t<\/p>\n\t<\/div>\n\t<div class=\"form__input\">\n\t\t<p><span class=\"wpcf7-form-control-wrap\" data-name=\"aceite-termos\"><span class=\"wpcf7-form-control wpcf7-checkbox\"><span class=\"wpcf7-list-item first last\"><label><input type=\"checkbox\" name=\"aceite-termos[]\" value=\"Aceito receber informa\u00e7\u00f5es sobre ofertas e servi\u00e7os do Grupo Portfolio.\" \/><span class=\"wpcf7-list-item-label\">Aceito receber informa\u00e7\u00f5es sobre ofertas e servi\u00e7os do Grupo Portfolio.<\/span><\/label><\/span><\/span><\/span>\n\t\t<\/p>\n\t<\/div>\n\t<div class=\"form__input form__input--btnLarge\">\n\t\t<p><input class=\"wpcf7-form-control wpcf7-submit has-spinner\" type=\"submit\" value=\"Enviar\" \/>\n\t\t<\/p>\n\t<\/div>\n\t<div style=\"display:none;\">\n\t\t<p><span class=\"wpcf7-form-control-wrap\" data-name=\"identificador\"><input size=\"40\" maxlength=\"400\" class=\"wpcf7-form-control wpcf7-text\" aria-invalid=\"false\" value=\"pagina contato\" type=\"text\" name=\"identificador\" \/><\/span><br \/>\n<span class=\"wpcf7-form-control-wrap\" data-name=\"c_utmz\"><input size=\"40\" maxlength=\"400\" class=\"wpcf7-form-control wpcf7-text\" id=\"cookieutmz\" aria-invalid=\"false\" value=\"\" type=\"text\" name=\"c_utmz\" \/><\/span>\n\t\t<\/p>\n\t<\/div>\n\t<p><script type=\"text\/javascript\">\nfunction read_cookie(a){var b=a+\"=\";var c=document.cookie.split(\";\");for(var d=0;d\n\t\t\t<c.length;d++){var e=c[d];while(e.charAt(0)==\" \")e=e.substring(1,e.length);if(e.indexOf(b)==0){return e.substring(b.length,e.length)}}return null}try{document.getElementById(\"cookieutmz\").value=read_cookie(\"__utmz\")}catch(err){}\n<\/script>\n\t\t\t<\/c.length;d++){var><\/script>\n\t<\/p>\n<\/div><p style=\"display: none !important;\" class=\"akismet-fields-container\" data-prefix=\"_wpcf7_ak_\"><label>&#916;<textarea name=\"_wpcf7_ak_hp_textarea\" cols=\"45\" rows=\"8\" maxlength=\"100\"><\/textarea><\/label><input type=\"hidden\" id=\"ak_js_1\" name=\"_wpcf7_ak_js\" value=\"128\"\/><script>document.getElementById( \"ak_js_1\" ).setAttribute( \"value\", ( new Date() ).getTime() );<\/script><\/p><div class=\"wpcf7-response-output\" aria-hidden=\"true\"><\/div>\n<\/form>\n<\/div>\n<\/div>[\/vc_column][vc_column width=&#8221;1\/4&#8243;][\/vc_column][\/vc_row]<\/p>\n","protected":false},"excerpt":{"rendered":"<p>[vc_row full_width=&#8221;stretch_row&#8221; css=&#8221;.vc_custom_1600195021649{padding-top: 230px !important;padding-bottom: 130px !important;background-color: #3192d0 !important;}&#8221;][vc_column css=&#8221;.vc_custom_1513003956648{padding-top: 0px !important;}&#8221;][vc_row_inner content_placement=&#8221;bottom&#8221;][vc_column_inner width=&#8221;1\/2&#8243; css=&#8221;.vc_custom_1515605719516{padding-top: 30px !important;padding-left: 0px !important;}&#8221;][vc_btn title=&#8221;FALE COM UM ESPECIALISTA&#8221; style=&#8221;custom&#8221; custom_background=&#8221;#1dd985&#8243; custom_text=&#8221;#ffffff&#8221; link=&#8221;url:%23contato&#8221;][\/vc_column_inner][vc_column_inner width=&#8221;1\/2&#8243; css=&#8221;.vc_custom_1516118904697{padding-right: 0px !important;}&#8221;][vc_single_image image=&#8221;404&#8243; img_size=&#8221;full&#8221; alignment=&#8221;center&#8221; css=&#8221;.vc_custom_1600197997238{margin-top: 50px !important;}&#8221;][\/vc_column_inner][\/vc_row_inner][\/vc_column][\/vc_row][vc_row css=&#8221;.vc_custom_1643809421717{padding-top: 40px !important;padding-bottom: 40px !important;}&#8221;][vc_column][vc_row_inner][vc_column_inner][vc_empty_space height=&#8221;25px&#8221;][\/vc_column_inner][\/vc_row_inner][vc_row_inner equal_height=&#8221;yes&#8221; [&hellip;]<\/p>\n","protected":false},"author":43,"featured_media":0,"parent":0,"menu_order":0,"comment_status":"closed","ping_status":"closed","template":"","meta":{"footnotes":""},"class_list":["post-638","page","type-page","status-publish","hentry"],"aioseo_notices":[],"jetpack_sharing_enabled":true,"_links":{"self":[{"href":"https:\/\/blog.grupoportfolio.com.br\/portfolio-tech\/wp-json\/wp\/v2\/pages\/638","targetHints":{"allow":["GET"]}}],"collection":[{"href":"https:\/\/blog.grupoportfolio.com.br\/portfolio-tech\/wp-json\/wp\/v2\/pages"}],"about":[{"href":"https:\/\/blog.grupoportfolio.com.br\/portfolio-tech\/wp-json\/wp\/v2\/types\/page"}],"author":[{"embeddable":true,"href":"https:\/\/blog.grupoportfolio.com.br\/portfolio-tech\/wp-json\/wp\/v2\/users\/43"}],"replies":[{"embeddable":true,"href":"https:\/\/blog.grupoportfolio.com.br\/portfolio-tech\/wp-json\/wp\/v2\/comments?post=638"}],"version-history":[{"count":5,"href":"https:\/\/blog.grupoportfolio.com.br\/portfolio-tech\/wp-json\/wp\/v2\/pages\/638\/revisions"}],"predecessor-version":[{"id":9436,"href":"https:\/\/blog.grupoportfolio.com.br\/portfolio-tech\/wp-json\/wp\/v2\/pages\/638\/revisions\/9436"}],"wp:attachment":[{"href":"https:\/\/blog.grupoportfolio.com.br\/portfolio-tech\/wp-json\/wp\/v2\/media?parent=638"}],"curies":[{"name":"wp","href":"https:\/\/api.w.org\/{rel}","templated":true}]}}