{"id":634,"date":"2020-09-15T12:37:32","date_gmt":"2020-09-15T15:37:32","guid":{"rendered":"https:\/\/blog.grupoportfolio.com.br\/portfolio-tech\/?page_id=634"},"modified":"2022-02-25T11:55:05","modified_gmt":"2022-02-25T14:55:05","slug":"portfolio-task-manager","status":"publish","type":"page","link":"https:\/\/blog.grupoportfolio.com.br\/portfolio-tech\/portfolio-task-manager\/","title":{"rendered":"Task Manager"},"content":{"rendered":"<p>[vc_row full_width=&#8221;stretch_row&#8221; css=&#8221;.vc_custom_1644519639373{padding-top: 130px !important;padding-bottom: 50px !important;background-color: #3192d0 !important;}&#8221;][vc_column css=&#8221;.vc_custom_1513003956648{padding-top: 0px !important;}&#8221;][vc_row_inner content_placement=&#8221;middle&#8221;][vc_column_inner width=&#8221;1\/2&#8243; css=&#8221;.vc_custom_1644860745185{padding-top: 30px !important;padding-left: 0px !important;}&#8221;][vc_single_image image=&#8221;9198&#8243; img_size=&#8221;full&#8221; alignment=&#8221;center&#8221;]<header class=\"kd-section-title col-lg-12 text-left    \" ><h2 class=\"separator_off\" style=\"color: #ffffff;font-size: 45px;\">Realize com praticidade o gerenciamento remoto da sua equipe<\/h2><\/header>[vc_empty_space height=&#8221;25px&#8221;][vc_btn title=&#8221;FALE COM UM ESPECIALISTA&#8221; style=&#8221;custom&#8221; custom_background=&#8221;#1dd985&#8243; custom_text=&#8221;#ffffff&#8221; link=&#8221;url:%23contato&#8221;][\/vc_column_inner][vc_column_inner width=&#8221;1\/2&#8243; css=&#8221;.vc_custom_1644518609153{padding-right: 0px !important;}&#8221;][vc_single_image image=&#8221;9200&#8243; img_size=&#8221;full&#8221; alignment=&#8221;center&#8221; css=&#8221;.vc_custom_1644860012297{margin-top: 50px !important;}&#8221;][\/vc_column_inner][\/vc_row_inner][\/vc_column][\/vc_row][vc_row css=&#8221;.vc_custom_1644854609612{padding-top: 40px !important;}&#8221;][vc_column width=&#8221;1\/6&#8243;][\/vc_column][vc_column width=&#8221;2\/3&#8243;]<header class=\"kd-section-title col-lg-12 text-center     vc_custom_1644280090668\" ><h2 class=\"separator_off\" >Produtividade e desempenho da sua equipe mesmo \u00e0 dist\u00e2ncia<\/h2><h6 class=\"subtitle \" >O Task Manager \u00e9 uma aplica\u00e7\u00e3o Web desenvolvida pela Portfolio Tech para otimizar o controle do desempenho e da produtividade das suas equipes, em formato \u00e1gil e moderno.<\/h6><\/header>[vc_empty_space height=&#8221;25px&#8221;][\/vc_column][vc_column width=&#8221;1\/6&#8243;][\/vc_column][\/vc_row][vc_row][vc_column width=&#8221;1\/3&#8243;][vc_column_text css_animation=&#8221;slideInLeft&#8221;]<\/p>\n<h4 style=\"text-align: center;\"><img data-recalc-dims=\"1\" decoding=\"async\" class=\"wp-image-503 aligncenter\" src=\"https:\/\/i0.wp.com\/blog.grupoportfolio.com.br\/portfolio-formacao\/wp-content\/uploads\/sites\/2\/2020\/09\/home-icon-produtividade.png?resize=81%2C81&#038;ssl=1\" alt=\"\" width=\"81\" height=\"81\" srcset=\"https:\/\/i0.wp.com\/blog.grupoportfolio.com.br\/portfolio-formacao\/wp-content\/uploads\/sites\/2\/2020\/09\/home-icon-produtividade.png?resize=300%2C300&amp;ssl=1 300w, https:\/\/i0.wp.com\/blog.grupoportfolio.com.br\/portfolio-formacao\/wp-content\/uploads\/sites\/2\/2020\/09\/home-icon-produtividade.png?resize=150%2C150&amp;ssl=1 150w, https:\/\/i0.wp.com\/blog.grupoportfolio.com.br\/portfolio-formacao\/wp-content\/uploads\/sites\/2\/2020\/09\/home-icon-produtividade.png?resize=100%2C100&amp;ssl=1 100w, https:\/\/i0.wp.com\/blog.grupoportfolio.com.br\/portfolio-formacao\/wp-content\/uploads\/sites\/2\/2020\/09\/home-icon-produtividade.png?w=512&amp;ssl=1 512w\" sizes=\"(max-width: 81px) 100vw, 81px\" \/>Controle a jornada de trabalho dos seus colaboradores, sejam eles presenciais, remotos ou externos.<\/h4>\n<p>[\/vc_column_text][\/vc_column][vc_column width=&#8221;1\/3&#8243;][vc_column_text css_animation=&#8221;slideInLeft&#8221;]<\/p>\n<h4 style=\"text-align: center;\"><img data-recalc-dims=\"1\" decoding=\"async\" class=\"wp-image-501 aligncenter\" src=\"https:\/\/i0.wp.com\/blog.grupoportfolio.com.br\/portfolio-formacao\/wp-content\/uploads\/sites\/2\/2020\/09\/home-icon-transformacao_digital.png?resize=81%2C81&#038;ssl=1\" alt=\"\" width=\"81\" height=\"81\" srcset=\"https:\/\/i0.wp.com\/blog.grupoportfolio.com.br\/portfolio-formacao\/wp-content\/uploads\/sites\/2\/2020\/09\/home-icon-transformacao_digital.png?resize=300%2C300&amp;ssl=1 300w, https:\/\/i0.wp.com\/blog.grupoportfolio.com.br\/portfolio-formacao\/wp-content\/uploads\/sites\/2\/2020\/09\/home-icon-transformacao_digital.png?resize=150%2C150&amp;ssl=1 150w, https:\/\/i0.wp.com\/blog.grupoportfolio.com.br\/portfolio-formacao\/wp-content\/uploads\/sites\/2\/2020\/09\/home-icon-transformacao_digital.png?resize=100%2C100&amp;ssl=1 100w, https:\/\/i0.wp.com\/blog.grupoportfolio.com.br\/portfolio-formacao\/wp-content\/uploads\/sites\/2\/2020\/09\/home-icon-transformacao_digital.png?w=512&amp;ssl=1 512w\" sizes=\"(max-width: 81px) 100vw, 81px\" \/>Realize a gest\u00e3o centralizada das atividades do seu time de forma pr\u00e1tica, remota e segura.<\/h4>\n<p>[\/vc_column_text][\/vc_column][vc_column width=&#8221;1\/3&#8243;][vc_column_text css_animation=&#8221;slideInLeft&#8221;]<\/p>\n<h4 style=\"text-align: center;\"><img data-recalc-dims=\"1\" decoding=\"async\" class=\"wp-image-506 aligncenter\" src=\"https:\/\/i0.wp.com\/blog.grupoportfolio.com.br\/portfolio-formacao\/wp-content\/uploads\/sites\/2\/2020\/09\/home-icon-automacao_de_processos.png?resize=81%2C81&#038;ssl=1\" alt=\"\" width=\"81\" height=\"81\" srcset=\"https:\/\/i0.wp.com\/blog.grupoportfolio.com.br\/portfolio-formacao\/wp-content\/uploads\/sites\/2\/2020\/09\/home-icon-automacao_de_processos.png?resize=300%2C300&amp;ssl=1 300w, https:\/\/i0.wp.com\/blog.grupoportfolio.com.br\/portfolio-formacao\/wp-content\/uploads\/sites\/2\/2020\/09\/home-icon-automacao_de_processos.png?resize=150%2C150&amp;ssl=1 150w, https:\/\/i0.wp.com\/blog.grupoportfolio.com.br\/portfolio-formacao\/wp-content\/uploads\/sites\/2\/2020\/09\/home-icon-automacao_de_processos.png?resize=100%2C100&amp;ssl=1 100w, https:\/\/i0.wp.com\/blog.grupoportfolio.com.br\/portfolio-formacao\/wp-content\/uploads\/sites\/2\/2020\/09\/home-icon-automacao_de_processos.png?w=512&amp;ssl=1 512w\" sizes=\"(max-width: 81px) 100vw, 81px\" \/>Tenha o suporte completo da Portfolio Tech.<\/h4>\n<p>[\/vc_column_text][\/vc_column][vc_column][\/vc_column][\/vc_row][vc_row css=&#8221;.vc_custom_1513709138743{padding-top: 100px !important;padding-bottom: 90px !important;}&#8221;][vc_column][vc_row_inner][vc_column_inner][vc_separator color=&#8221;custom&#8221; accent_color=&#8221;#1dd985&#8243;][vc_empty_space height=&#8221;50px&#8221;]<header class=\"kd-section-title vc_col-lg-6 vc_col-sm-8 text-center solid-line sep-border-width-2     vc_custom_1644278150998\" ><h2 class=\"separator_on\" >Por que utilizar o Task Manager na sua empresa?<\/h2><div class=\"kd-separator below_title\" ><div class=\"kd-separator-line\" ><\/div><\/div><h6 class=\"subtitle \" >Confira alguns dos diferenciais e benef\u00edcios de gerenciar o desempenho da sua equipe com o Task Manager.<\/h6><\/header>[\/vc_column_inner][\/vc_row_inner][vc_row_inner equal_height=&#8221;yes&#8221; gap=&#8221;20&#8243;][vc_column_inner width=&#8221;1\/3&#8243; css=&#8221;.vc_custom_1644521794658{background-color: #fafafa !important;border-radius: 10px !important;}&#8221;]<div class=\"key-icon-box icon-default icon-top cont-center  box-bg-color kd-animated zoomIn\" style=\"background-color: transparent; border: none;\" ><div class=\"ib-wrapper\"><div class=\"tt-iconbox-customimg img_small_size\"><img loading=\"lazy\" decoding=\"async\" width=\"100\" height=\"100\" src=\"https:\/\/i0.wp.com\/blog.grupoportfolio.com.br\/portfolio-formacao\/wp-content\/uploads\/sites\/2\/2022\/02\/PRODUTIVIDADE.png?fit=100%2C100&amp;ssl=1\" class=\"attachment-full\" alt=\"\" \/><\/div><h6 class=\"service-heading\" >Produtividade<\/h6><\/div><\/div>[vc_column_text]<\/p>\n<p style=\"text-align: center;\">Garanta a produtividade e o desempenho da sua equipe mesmo \u00e0 dist\u00e2ncia.<\/p>\n<p>[\/vc_column_text][\/vc_column_inner][vc_column_inner width=&#8221;1\/3&#8243; css=&#8221;.vc_custom_1644521802677{background-color: #fafafa !important;border-radius: 10px !important;}&#8221;]<div class=\"key-icon-box icon-default icon-top cont-center  box-bg-color kd-animated zoomIn\" style=\"background-color: transparent; border: none;\" ><div class=\"ib-wrapper\"><div class=\"tt-iconbox-customimg img_small_size\"><img loading=\"lazy\" decoding=\"async\" width=\"100\" height=\"100\" src=\"https:\/\/i0.wp.com\/blog.grupoportfolio.com.br\/portfolio-formacao\/wp-content\/uploads\/sites\/2\/2022\/02\/FACILIDADE.png?fit=100%2C100&amp;ssl=1\" class=\"attachment-full\" alt=\"\" \/><\/div><h6 class=\"service-heading\" >Facilidade<\/h6><\/div><\/div>[vc_column_text]<\/p>\n<p style=\"text-align: center;\">Gerencie as demandas por colaborador, por cliente e por contrato.<\/p>\n<p>[\/vc_column_text][\/vc_column_inner][vc_column_inner width=&#8221;1\/3&#8243; css=&#8221;.vc_custom_1644521809971{background-color: #fafafa !important;border-radius: 10px !important;}&#8221;]<div class=\"key-icon-box icon-default icon-top cont-center  box-bg-color kd-animated zoomIn\" style=\"background-color: transparent; border: none;\" ><div class=\"ib-wrapper\"><div class=\"tt-iconbox-customimg img_small_size\"><img loading=\"lazy\" decoding=\"async\" width=\"100\" height=\"100\" src=\"https:\/\/i0.wp.com\/blog.grupoportfolio.com.br\/portfolio-formacao\/wp-content\/uploads\/sites\/2\/2022\/02\/TRANSPARENCIA.png?fit=100%2C100&amp;ssl=1\" class=\"attachment-full\" alt=\"\" \/><\/div><h6 class=\"service-heading\" >Transpar\u00eancia<\/h6><\/div><\/div>[vc_column_text]<\/p>\n<p style=\"text-align: center;\">Maior visibilidade da demanda por colaboradores.<\/p>\n<p>[\/vc_column_text][\/vc_column_inner][\/vc_row_inner][vc_row_inner equal_height=&#8221;yes&#8221; gap=&#8221;20&#8243;][vc_column_inner width=&#8221;1\/3&#8243; css=&#8221;.vc_custom_1644521860794{background-color: #fafafa !important;border-radius: 10px !important;}&#8221;]<div class=\"key-icon-box icon-default icon-top cont-center  box-bg-color kd-animated zoomIn\" style=\"background-color: transparent; border: none;\" ><div class=\"ib-wrapper\"><div class=\"tt-iconbox-customimg img_small_size\"><img loading=\"lazy\" decoding=\"async\" width=\"100\" height=\"100\" src=\"https:\/\/i0.wp.com\/blog.grupoportfolio.com.br\/portfolio-formacao\/wp-content\/uploads\/sites\/2\/2022\/02\/AGILIDADE.png?fit=100%2C100&amp;ssl=1\" class=\"attachment-full\" alt=\"\" \/><\/div><h6 class=\"service-heading\" >Agilidade<\/h6><\/div><\/div>[vc_column_text]<\/p>\n<p style=\"text-align: center;\">Dashboards interativos e informa\u00e7\u00f5es precisas para as melhores decis\u00f5es.<\/p>\n<p>[\/vc_column_text][\/vc_column_inner][vc_column_inner width=&#8221;1\/3&#8243; css=&#8221;.vc_custom_1644521868677{background-color: #fafafa !important;border-radius: 10px !important;}&#8221;]<div class=\"key-icon-box icon-default icon-top cont-center  box-bg-color kd-animated zoomIn\" style=\"background-color: transparent; border: none;\" ><div class=\"ib-wrapper\"><div class=\"tt-iconbox-customimg img_small_size\"><img loading=\"lazy\" decoding=\"async\" width=\"100\" height=\"100\" src=\"https:\/\/i0.wp.com\/blog.grupoportfolio.com.br\/portfolio-formacao\/wp-content\/uploads\/sites\/2\/2022\/02\/PRATICIDADE-1.png?fit=100%2C100&amp;ssl=1\" class=\"attachment-full\" alt=\"\" \/><\/div><h6 class=\"service-heading\" >Praticidade<\/h6><\/div><\/div>[vc_column_text]<\/p>\n<p style=\"text-align: center;\">Possibilidade de configura\u00e7\u00e3o dos mais diversos par\u00e2metros.<\/p>\n<p>[\/vc_column_text][\/vc_column_inner][vc_column_inner width=&#8221;1\/3&#8243; css=&#8221;.vc_custom_1644521875930{background-color: #fafafa !important;border-radius: 10px !important;}&#8221;]<div class=\"key-icon-box icon-default icon-top cont-center  box-bg-color kd-animated zoomIn\" style=\"background-color: transparent; border: none;\" ><div class=\"ib-wrapper\"><div class=\"tt-iconbox-customimg img_small_size\"><img loading=\"lazy\" decoding=\"async\" width=\"100\" height=\"100\" src=\"https:\/\/i0.wp.com\/blog.grupoportfolio.com.br\/portfolio-formacao\/wp-content\/uploads\/sites\/2\/2022\/02\/PERSONALIZACAO.png?fit=100%2C100&amp;ssl=1\" class=\"attachment-full\" alt=\"\" \/><\/div><h6 class=\"service-heading\" >Personaliza\u00e7\u00e3o<\/h6><\/div><\/div>[vc_column_text]<\/p>\n<p style=\"text-align: center;\">Vincula\u00e7\u00e3o de consultores\/ colaboradores a clientes espec\u00edficos.<\/p>\n<p>[\/vc_column_text][\/vc_column_inner][\/vc_row_inner][\/vc_column][\/vc_row][vc_row full_width=&#8221;stretch_row&#8221; disable_element=&#8221;yes&#8221; css=&#8221;.vc_custom_1645800902490{padding-bottom: 0px !important;}&#8221;][vc_column css=&#8221;.vc_custom_1516095762744{padding-right: 0px !important;padding-left: 0px !important;}&#8221;]<header class=\"kd-section-title col-lg-12 text-center solid-line sep-border-width-1     vc_custom_1644280035071\" ><h2 class=\"separator_on\" >Nossos cases<\/h2><div class=\"kd-separator below_title\" ><div class=\"kd-separator-line\" ><\/div><\/div><h6 class=\"subtitle \" >A Portfolio Tech j\u00e1 atuou em grandes clientes de diversos segmentos. Conhe\u00e7a:<\/h6><\/header>[vc_raw_html]JTNDcCUzRSU1QnBzYWNfcG9zdF9jYXJvdXNlbCUyMHNob3dfZGF0ZSUzRCUyMmZhbHNlJTIyJTIwc2hvd19hdXRob3IlM0QlMjJmYWxzZSUyMiUyMHNob3dfdGFncyUzRCUyMmZhbHNlJTIyJTIwc2hvd19jb21tZW50cyUzRCUyMmZhbHNlJTIyJTIwc2hvd19jYXRlZ29yeSUzRCUyMmZhbHNlJTIyJTIwc2hvd19jb250ZW50JTNEJTIyZmFsc2UlMjIlMjBzbGlkZXJoZWlnaHQlM0QlMjIzNTAlMjIlMjBhcnJvd3MlM0QlMjJmYWxzZSUyMiUyMGRvdHMlM0QlMjJmYWxzZSUyMiUyMGxpbWl0JTNEJTIyNiUyMiUyMGNhdGVnb3J5JTNEJTIydGFzay1tYW5hZ2VyJTIyJTVEJTNDJTJGcCUzRQ==[\/vc_raw_html][vc_btn title=&#8221;CONFIRA OS NOSSOS CASES&#8221; style=&#8221;custom&#8221; custom_background=&#8221;#1dd985&#8243; custom_text=&#8221;#ffffff&#8221; align=&#8221;center&#8221; link=&#8221;url:https%3A%2F%2Fblog.grupoportfolio.com.br%2Fportfolio-tech%2Fcases-portfolio-tech%2F|title:Cases%20Portfolio%20Tech&#8221;][vc_row_inner disable_element=&#8221;yes&#8221;][vc_column_inner][vc_basic_grid post_type=&#8221;post&#8221; max_items=&#8221;10&#8243; style=&#8221;pagination&#8221; items_per_page=&#8221;3&#8243; item=&#8221;masonryGrid_OverlayWithRotation&#8221; grid_id=&#8221;vc_gid:1645800890482-83630df3-6cbd-0&#8243; taxonomies=&#8221;35&#8243;][\/vc_column_inner][\/vc_row_inner][vc_row_inner css=&#8221;.vc_custom_1644276448120{padding-top: 40px !important;padding-bottom: 40px !important;}&#8221; el_id=&#8221;contato&#8221;][vc_column_inner width=&#8221;1\/4&#8243; css=&#8221;.vc_custom_1515496499525{padding-top: 60px !important;padding-left: 120px !important;}&#8221;][\/vc_column_inner][vc_column_inner width=&#8221;1\/2&#8243;]<header class=\"kd-section-title col-lg-12 text-center solid-line sep-border-width-2    \" ><h2 class=\"separator_on\" >Fale com a Portfolio Tech<\/h2><div class=\"kd-separator below_title\" ><div class=\"kd-separator-line\" ><\/div><\/div><h6 class=\"subtitle \" >Quer saber o que podemos fazer para otimizar a sua empresa? Consulte agora um especialista.<\/h6><\/header><div class=\"kd-contact-form full-width-cf\" >\n<div class=\"wpcf7 no-js\" id=\"wpcf7-f8576-o1\" lang=\"pt-BR\" dir=\"ltr\" data-wpcf7-id=\"8576\">\n<div class=\"screen-reader-response\"><p role=\"status\" aria-live=\"polite\" aria-atomic=\"true\"><\/p> <ul><\/ul><\/div>\n<form action=\"\/portfolio-tech\/wp-json\/wp\/v2\/pages\/634#wpcf7-f8576-o1\" method=\"post\" class=\"wpcf7-form init\" aria-label=\"Formul\u00e1rios de contato\" novalidate=\"novalidate\" data-status=\"init\">\n<div style=\"display: none;\">\n<input type=\"hidden\" name=\"_wpcf7\" value=\"8576\" \/>\n<input type=\"hidden\" name=\"_wpcf7_version\" value=\"6.0.6\" \/>\n<input type=\"hidden\" name=\"_wpcf7_locale\" value=\"pt_BR\" \/>\n<input type=\"hidden\" name=\"_wpcf7_unit_tag\" value=\"wpcf7-f8576-o1\" \/>\n<input type=\"hidden\" name=\"_wpcf7_container_post\" value=\"0\" \/>\n<input type=\"hidden\" name=\"_wpcf7_posted_data_hash\" value=\"\" \/>\n<input type=\"hidden\" name=\"_wpcf7_recaptcha_response\" value=\"\" \/>\n<\/div>\n<div class=\"form\">\n\t<div class=\"form__input\">\n\t\t<p><span class=\"wpcf7-form-control-wrap\" data-name=\"nome\"><input size=\"40\" maxlength=\"400\" class=\"wpcf7-form-control wpcf7-text wpcf7-validates-as-required\" aria-required=\"true\" aria-invalid=\"false\" placeholder=\"Nome\" value=\"\" type=\"text\" name=\"nome\" \/><\/span>\n\t\t<\/p>\n\t<\/div>\n\t<div class=\"form__input\">\n\t\t<p><span class=\"wpcf7-form-control-wrap\" data-name=\"telefone\"><input size=\"40\" maxlength=\"400\" class=\"wpcf7-form-control wpcf7-tel wpcf7-validates-as-required wpcf7-text wpcf7-validates-as-tel\" aria-required=\"true\" aria-invalid=\"false\" placeholder=\"Telefone\" value=\"\" type=\"tel\" name=\"telefone\" \/><\/span>\n\t\t<\/p>\n\t<\/div>\n\t<div class=\"form__input\">\n\t\t<p><span class=\"wpcf7-form-control-wrap\" data-name=\"email\"><input size=\"40\" maxlength=\"400\" class=\"wpcf7-form-control wpcf7-email wpcf7-validates-as-required wpcf7-text wpcf7-validates-as-email\" aria-required=\"true\" aria-invalid=\"false\" placeholder=\"E-mail\" value=\"\" type=\"email\" name=\"email\" \/><\/span>\n\t\t<\/p>\n\t<\/div>\n\t<div class=\"form__input\">\n\t\t<p><span class=\"wpcf7-form-control-wrap\" data-name=\"mensagem\"><textarea cols=\"40\" rows=\"10\" maxlength=\"2000\" class=\"wpcf7-form-control wpcf7-textarea wpcf7-validates-as-required\" aria-required=\"true\" aria-invalid=\"false\" placeholder=\"Mensagem\" name=\"mensagem\"><\/textarea><\/span>\n\t\t<\/p>\n\t<\/div>\n\t<div class=\"form__input\">\n\t\t<p><span class=\"wpcf7-form-control-wrap\" data-name=\"aceite-termos\"><span class=\"wpcf7-form-control wpcf7-checkbox\"><span class=\"wpcf7-list-item first last\"><label><input type=\"checkbox\" name=\"aceite-termos[]\" value=\"Aceito receber informa\u00e7\u00f5es sobre ofertas e servi\u00e7os do Grupo Portfolio.\" \/><span class=\"wpcf7-list-item-label\">Aceito receber informa\u00e7\u00f5es sobre ofertas e servi\u00e7os do Grupo Portfolio.<\/span><\/label><\/span><\/span><\/span>\n\t\t<\/p>\n\t<\/div>\n\t<div class=\"form__input form__input--btnLarge\">\n\t\t<p><input class=\"wpcf7-form-control wpcf7-submit has-spinner\" type=\"submit\" value=\"Enviar\" \/>\n\t\t<\/p>\n\t<\/div>\n\t<div style=\"display:none;\">\n\t\t<p><span class=\"wpcf7-form-control-wrap\" data-name=\"identificador\"><input size=\"40\" maxlength=\"400\" class=\"wpcf7-form-control wpcf7-text\" aria-invalid=\"false\" value=\"pagina contato\" type=\"text\" name=\"identificador\" \/><\/span><br \/>\n<span class=\"wpcf7-form-control-wrap\" data-name=\"c_utmz\"><input size=\"40\" maxlength=\"400\" class=\"wpcf7-form-control wpcf7-text\" id=\"cookieutmz\" aria-invalid=\"false\" value=\"\" type=\"text\" name=\"c_utmz\" \/><\/span>\n\t\t<\/p>\n\t<\/div>\n\t<p><script type=\"text\/javascript\">\nfunction read_cookie(a){var b=a+\"=\";var c=document.cookie.split(\";\");for(var d=0;d\n\t\t\t<c.length;d++){var e=c[d];while(e.charAt(0)==\" \")e=e.substring(1,e.length);if(e.indexOf(b)==0){return e.substring(b.length,e.length)}}return null}try{document.getElementById(\"cookieutmz\").value=read_cookie(\"__utmz\")}catch(err){}\n<\/script>\n\t\t\t<\/c.length;d++){var><\/script>\n\t<\/p>\n<\/div><p style=\"display: none !important;\" class=\"akismet-fields-container\" data-prefix=\"_wpcf7_ak_\"><label>&#916;<textarea name=\"_wpcf7_ak_hp_textarea\" cols=\"45\" rows=\"8\" maxlength=\"100\"><\/textarea><\/label><input type=\"hidden\" id=\"ak_js_1\" name=\"_wpcf7_ak_js\" value=\"158\"\/><script>document.getElementById( \"ak_js_1\" ).setAttribute( \"value\", ( new Date() ).getTime() );<\/script><\/p><div class=\"wpcf7-response-output\" aria-hidden=\"true\"><\/div>\n<\/form>\n<\/div>\n<\/div>[\/vc_column_inner][vc_column_inner width=&#8221;1\/4&#8243;][\/vc_column_inner][\/vc_row_inner][\/vc_column][\/vc_row]<\/p>\n","protected":false},"excerpt":{"rendered":"<p>[vc_row full_width=&#8221;stretch_row&#8221; css=&#8221;.vc_custom_1644519639373{padding-top: 130px !important;padding-bottom: 50px !important;background-color: #3192d0 !important;}&#8221;][vc_column css=&#8221;.vc_custom_1513003956648{padding-top: 0px !important;}&#8221;][vc_row_inner content_placement=&#8221;middle&#8221;][vc_column_inner width=&#8221;1\/2&#8243; css=&#8221;.vc_custom_1644860745185{padding-top: 30px !important;padding-left: 0px !important;}&#8221;][vc_single_image image=&#8221;9198&#8243; img_size=&#8221;full&#8221; alignment=&#8221;center&#8221;][vc_empty_space height=&#8221;25px&#8221;][vc_btn title=&#8221;FALE COM UM ESPECIALISTA&#8221; style=&#8221;custom&#8221; custom_background=&#8221;#1dd985&#8243; custom_text=&#8221;#ffffff&#8221; link=&#8221;url:%23contato&#8221;][\/vc_column_inner][vc_column_inner width=&#8221;1\/2&#8243; css=&#8221;.vc_custom_1644518609153{padding-right: 0px !important;}&#8221;][vc_single_image image=&#8221;9200&#8243; img_size=&#8221;full&#8221; alignment=&#8221;center&#8221; css=&#8221;.vc_custom_1644860012297{margin-top: 50px !important;}&#8221;][\/vc_column_inner][\/vc_row_inner][\/vc_column][\/vc_row][vc_row css=&#8221;.vc_custom_1644854609612{padding-top: 40px !important;}&#8221;][vc_column [&hellip;]<\/p>\n","protected":false},"author":1,"featured_media":0,"parent":0,"menu_order":0,"comment_status":"closed","ping_status":"closed","template":"","meta":{"footnotes":""},"class_list":["post-634","page","type-page","status-publish","hentry"],"aioseo_notices":[],"jetpack_sharing_enabled":true,"_links":{"self":[{"href":"https:\/\/blog.grupoportfolio.com.br\/portfolio-tech\/wp-json\/wp\/v2\/pages\/634","targetHints":{"allow":["GET"]}}],"collection":[{"href":"https:\/\/blog.grupoportfolio.com.br\/portfolio-tech\/wp-json\/wp\/v2\/pages"}],"about":[{"href":"https:\/\/blog.grupoportfolio.com.br\/portfolio-tech\/wp-json\/wp\/v2\/types\/page"}],"author":[{"embeddable":true,"href":"https:\/\/blog.grupoportfolio.com.br\/portfolio-tech\/wp-json\/wp\/v2\/users\/1"}],"replies":[{"embeddable":true,"href":"https:\/\/blog.grupoportfolio.com.br\/portfolio-tech\/wp-json\/wp\/v2\/comments?post=634"}],"version-history":[{"count":4,"href":"https:\/\/blog.grupoportfolio.com.br\/portfolio-tech\/wp-json\/wp\/v2\/pages\/634\/revisions"}],"predecessor-version":[{"id":9338,"href":"https:\/\/blog.grupoportfolio.com.br\/portfolio-tech\/wp-json\/wp\/v2\/pages\/634\/revisions\/9338"}],"wp:attachment":[{"href":"https:\/\/blog.grupoportfolio.com.br\/portfolio-tech\/wp-json\/wp\/v2\/media?parent=634"}],"curies":[{"name":"wp","href":"https:\/\/api.w.org\/{rel}","templated":true}]}}