{"id":2,"date":"2023-10-17T15:14:19","date_gmt":"2023-10-17T18:14:19","guid":{"rendered":"https:\/\/blog.grupoportfolio.com.br\/portfolio-engenharia-consultiva\/?page_id=2"},"modified":"2023-10-31T11:31:06","modified_gmt":"2023-10-31T14:31:06","slug":"home","status":"publish","type":"page","link":"https:\/\/blog.grupoportfolio.com.br\/portfolio-engenharia-consultiva\/","title":{"rendered":"Portfolio Engenharia Consultiva"},"content":{"rendered":"<p>[vc_row full_width=&#8221;stretch_row&#8221; video_bg=&#8221;yes&#8221; video_bg_url=&#8221;https:\/\/youtu.be\/LEzySXAVcUU&#8221; css=&#8221;.vc_custom_1698712686318{background-image: url(https:\/\/blog.grupoportfolio.com.br\/portfolio-formacao\/wp-content\/uploads\/sites\/5\/2023\/10\/BANNER.jpg?id=6) !important;}&#8221;][vc_column video_bg=&#8221;yes&#8221; video_bg_url=&#8221;https:\/\/youtu.be\/LEzySXAVcUU&#8221; width=&#8221;1\/2&#8243;][vc_empty_space height=&#8221;150px&#8221;]<header class=\"kd-section-title col-lg-12 text-left solid-line sep-border-width-1    \" ><h1 class=\"separator_on\" style=\"color: #ffffff;\">Gest\u00e3o integrada de projetos de obras civis<\/h1><div class=\"kd-separator below_title\" ><div class=\"kd-separator-line\" style=\"border-color:#878787\"><\/div><\/div><\/header>[vc_empty_space height=&#8221;25px&#8221;][vc_empty_space height=&#8221;20px&#8221;][vc_btn title=&#8221;FALE COM UM ESPECIALISTA&#8221; style=&#8221;custom&#8221; custom_text=&#8221;#666666&#8243; align=&#8221;left&#8221; link=&#8221;url:%23contato&#8221;][vc_empty_space height=&#8221;50px&#8221;][\/vc_column][vc_column width=&#8221;1\/2&#8243;][vc_empty_space][\/vc_column][\/vc_row][vc_row][vc_column][vc_empty_space height=&#8221;50px&#8221;]<header class=\"kd-section-title col-lg-12 text-center solid-line sep-border-width-1    \" ><h2 class=\"separator_on\" style=\"color: #585857;font-size: 30px;\">Solu\u00e7\u00f5es para gerenciamento da sua obra com efici\u00eancia e economia<\/h2><div class=\"kd-separator below_title\" ><div class=\"kd-separator-line\" style=\"border-color:#878787\"><\/div><\/div><\/header>[vc_empty_space height=&#8221;50px&#8221;][\/vc_column][\/vc_row][vc_row full_width=&#8221;stretch_row&#8221;][vc_column width=&#8221;1\/3&#8243; css=&#8221;.vc_custom_1698353290958{background-color: #ffffff !important;border-radius: 5px !important;}&#8221;][vc_empty_space height=&#8221;15px&#8221;][vc_single_image image=&#8221;92&#8243; img_size=&#8221;full&#8221;][vc_empty_space height=&#8221;15px&#8221;]<div class=\"key-icon-box icon-default icon-top cont-center\" style=\"background-color: transparent; \" ><i class=\" fa\" style=\" \"><\/i> <p style=\"color: #232323;\">Gest\u00e3o dos custos e prazos da sua obra, mantendo padr\u00f5es elevados de seguran\u00e7a e qualidade<\/p><\/div>[vc_empty_space height=&#8221;50px&#8221;][\/vc_column][vc_column width=&#8221;1\/3&#8243; css=&#8221;.vc_custom_1698353262423{background-color: #ffffff !important;border-radius: 5px !important;}&#8221;][vc_empty_space height=&#8221;15px&#8221;][vc_single_image image=&#8221;90&#8243; img_size=&#8221;full&#8221;][vc_empty_space height=&#8221;15px&#8221;]<div class=\"key-icon-box icon-default icon-top cont-center\" style=\"background-color: transparent; \" ><i class=\" fa\" style=\" \"><\/i> <p style=\"color: #232323;\">Engenharia de Valor para redu\u00e7\u00e3o significativa de custos<\/p><\/div>[vc_empty_space height=&#8221;50px&#8221;][\/vc_column][vc_column width=&#8221;1\/3&#8243; css=&#8221;.vc_custom_1698353278487{background-color: #ffffff !important;border-radius: 5px !important;}&#8221;][vc_empty_space height=&#8221;15px&#8221;][vc_single_image image=&#8221;91&#8243; img_size=&#8221;full&#8221;][vc_empty_space height=&#8221;15px&#8221;]<div class=\"key-icon-box icon-default icon-top cont-center\" style=\"background-color: transparent; \" ><i class=\" fa\" style=\" \"><\/i> <p style=\"color: #232323;\">M\u00e9todos consagrados para levar visibilidade e previsibilidade nas tomadas de decis\u00e3o, como FEL, AWP e LEAN<\/p><\/div>[vc_empty_space height=&#8221;50px&#8221;][\/vc_column][\/vc_row][vc_row full_width=&#8221;stretch_row&#8221; kd_image_overlay_color=&#8221;#f2f2f2&#8243; kd_image_overlay=&#8221;true&#8221; css=&#8221;.vc_custom_1698713572228{background-color: #ffffff !important;}&#8221;][vc_column][vc_empty_space height=&#8221;100px&#8221;][vc_video link=&#8221;https:\/\/youtu.be\/LEzySXAVcUU&#8221; el_width=&#8221;60&#8243; align=&#8221;center&#8221;][vc_empty_space height=&#8221;100px&#8221;][\/vc_column][\/vc_row][vc_row full_width=&#8221;stretch_row&#8221; kd_image_overlay_color=&#8221;#878787&#8243; kd_image_overlay=&#8221;true&#8221; el_id=&#8221;servicos&#8221;][vc_column width=&#8221;1\/2&#8243;][vc_empty_space height=&#8221;50px&#8221;]<div class=\"key-icon-box icon-default icon-top cont-center\" style=\"background-color: transparent; \" ><i class=\" fa\" style=\" \"><\/i> <h3 class=\"service-heading\" style=\"color: #ffffff;\">Nossas solu\u00e7\u00f5es<\/h3><\/div>[vc_empty_space height=&#8221;15px&#8221;]<div class=\"key-icon-box icon-default icon-top cont-center\" style=\"background-color: transparent; \" ><i class=\" fa\" style=\" \"><\/i> <p style=\"color: #ffffff;\">Com a experi\u00eancia de 15 anos do Grupo Portfolio no mercado de consultoria em gest\u00e3o e tecnologia, a Portfolio Engenharia Consultiva oferece servi\u00e7os especializados que garantem a coordena\u00e7\u00e3o dos processos de gerenciamento das obras com planejamento, monitoramento cont\u00ednuo e auditoria para a melhor execu\u00e7\u00e3o dos projetos.<\/p><\/div>[vc_empty_space height=&#8221;50px&#8221;][\/vc_column][vc_column width=&#8221;1\/2&#8243;][vc_empty_space height=&#8221;50px&#8221;][vc_tta_accordion color=&#8221;white&#8221; c_icon=&#8221;triangle&#8221; active_section=&#8221;1&#8243; collapsible_all=&#8221;true&#8221; css=&#8221;.vc_custom_1698712346854{border-radius: 10px !important;}&#8221;][vc_tta_section title=&#8221;ESTUDO DE VIABILIDADE&#8221; tab_id=&#8221;1698353295943-4ebef3c4-622b&#8221;][vc_column_text]<\/p>\n<h5><span data-scheme-color=\"@005376,,\" data-usefontface=\"false\" data-contrast=\"none\">Preliminar<\/span>\u200b<\/h5>\n<h5><span data-scheme-color=\"@005376,,\" data-usefontface=\"false\" data-contrast=\"none\">Financeiro<\/span>\u200b<\/h5>\n<h5><span data-scheme-color=\"@005376,,\" data-usefontface=\"false\" data-contrast=\"none\">Econ\u00f4mico<\/span>\u200b<\/h5>\n<h5><span data-scheme-color=\"@005376,,\" data-usefontface=\"false\" data-contrast=\"none\">Legal<\/span><\/h5>\n<p>[\/vc_column_text][\/vc_tta_section][vc_tta_section title=&#8221;ENGENHARIA DO PROPRIET\u00c1RIO&#8221; tab_id=&#8221;1698353295990-b1be1c9b-e9c2&#8243;][vc_column_text]<\/p>\n<h5><span data-scheme-color=\"@005376,,\" data-usefontface=\"false\" data-contrast=\"none\">Coordena\u00e7\u00e3o de projetos<\/span>\u200b<\/h5>\n<h5><span data-scheme-color=\"@005376,,\" data-usefontface=\"false\" data-contrast=\"none\">Compatibiliza\u00e7\u00e3o de projetos<\/span>\u200b<\/h5>\n<h5><span data-scheme-color=\"@005376,,\" data-usefontface=\"false\" data-contrast=\"none\">Gest\u00e3o de Suprimentos<\/span>\u200b<\/h5>\n<h5><span data-scheme-color=\"@005376,,\" data-usefontface=\"false\" data-contrast=\"none\">Detalhamento de escopo<\/span>\u200b<\/h5>\n<h5><span data-scheme-color=\"@005376,,\" data-usefontface=\"false\" data-contrast=\"none\">Planejamento<\/span>\u200b<\/h5>\n<h5><span data-scheme-color=\"@005376,,\" data-usefontface=\"false\" data-contrast=\"none\">Or\u00e7amento e controle de custos<\/span>\u200b<\/h5>\n<h5><span data-scheme-color=\"@005376,,\" data-usefontface=\"false\" data-contrast=\"none\">Gest\u00e3o de riscos<\/span>\u200b<\/h5>\n<h5><span data-scheme-color=\"@005376,,\" data-usefontface=\"false\" data-contrast=\"none\">Plano de Execu\u00e7\u00e3o do Projeto<\/span><\/h5>\n<p>[\/vc_column_text][\/vc_tta_section][vc_tta_section title=&#8221;GERENCIAMENTO DA EXECU\u00c7\u00c3O&#8221; tab_id=&#8221;1698353296030-d192259a-dfa6&#8243;][vc_column_text]<\/p>\n<h5><span data-scheme-color=\"@005376,,\" data-usefontface=\"false\" data-contrast=\"none\">Supervis\u00e3o\/Fiscaliza\u00e7\u00e3o<\/span>\u200b<\/h5>\n<h5><span data-scheme-color=\"@005376,,\" data-usefontface=\"false\" data-contrast=\"none\">Gest\u00e3o de prazo<\/span>\u200b<\/h5>\n<h5><span data-scheme-color=\"@005376,,\" data-usefontface=\"false\" data-contrast=\"none\">Gest\u00e3o de custos<\/span>\u200b<\/h5>\n<h5><span data-scheme-color=\"@005376,,\" data-usefontface=\"false\" data-contrast=\"none\">Gest\u00e3o de Engenharia<\/span>\u200b<\/h5>\n<h5><span data-scheme-color=\"@005376,,\" data-usefontface=\"false\" data-contrast=\"none\">Suprimentos<\/span>\u200b<\/h5>\n<h5><span data-scheme-color=\"@005376,,\" data-usefontface=\"false\" data-contrast=\"none\">Gest\u00e3o de aditivos<\/span>\u200b<\/h5>\n<h5><span data-scheme-color=\"@005376,,\" data-usefontface=\"false\" data-contrast=\"none\">Administra\u00e7\u00e3o\u00a0<\/span><span data-scheme-color=\"@005376,,\" data-usefontface=\"false\" data-contrast=\"none\">contratual\/legal<\/span><\/h5>\n<h5>\u200b<\/h5>\n<p>[\/vc_column_text][\/vc_tta_section][vc_tta_section title=&#8221;GERENCIAMENTO DE PORTF\u00d3LIO&#8221; tab_id=&#8221;1698353296070-05e1e2b5-3a43&#8243;][vc_column_text]<\/p>\n<h5><span data-scheme-color=\"@005376,,\" data-usefontface=\"false\" data-contrast=\"none\">Planejamento e controle\u00a0<\/span><span data-scheme-color=\"@005376,,\" data-usefontface=\"false\" data-contrast=\"none\">do Portfolio<\/span>\u200b<\/h5>\n<h5><span data-scheme-color=\"@005376,,\" data-usefontface=\"false\" data-contrast=\"none\">Gest\u00e3o de custos<\/span>\u200b<\/h5>\n<h5><span data-scheme-color=\"@005376,,\" data-usefontface=\"false\" data-contrast=\"none\">Gest\u00e3o de recursos<\/span>\u200b<\/h5>\n<h5><span data-scheme-color=\"@005376,,\" data-usefontface=\"false\" data-contrast=\"none\">Gest\u00e3o de prioridade<\/span><\/h5>\n<p><span class=\"EOP SCXP161289654 BCX8\">\u200b<\/span>[\/vc_column_text][\/vc_tta_section][vc_tta_section title=&#8221;AUDITORIA E INSPE\u00c7\u00c3O&#8221; tab_id=&#8221;1698353296120-7ac8c9a1-3606&#8243;][vc_column_text]<\/p>\n<h5><span data-scheme-color=\"@005376,,\" data-usefontface=\"false\" data-contrast=\"none\">Engenharia<\/span>\u200b<\/h5>\n<h5><span data-scheme-color=\"@005376,,\" data-usefontface=\"false\" data-contrast=\"none\">T\u00e9cnico executiva<\/span>\u200b<\/h5>\n<h5><span data-scheme-color=\"@005376,,\" data-usefontface=\"false\" data-contrast=\"none\">Recebimento e qualidade<\/span><\/h5>\n<p>[\/vc_column_text][\/vc_tta_section][vc_tta_section title=&#8221;COMISSIONAMENTO E RECEBIMENTO&#8221; tab_id=&#8221;1698353296161-acb0a42b-c882&#8243;][vc_column_text]<\/p>\n<h5><span data-scheme-color=\"@005376,,\" data-usefontface=\"false\" data-contrast=\"none\">Planejamento e controle do\u00a0<\/span><span data-scheme-color=\"@005376,,\" data-usefontface=\"false\" data-contrast=\"none\">comissionamento<\/span>\u200b<\/h5>\n<h5><span data-scheme-color=\"@005376,,\" data-usefontface=\"false\" data-contrast=\"none\">Recebimento t\u00e9cnico<\/span>\u200b<\/h5>\n<h5><span data-scheme-color=\"@005376,,\" data-usefontface=\"false\" data-contrast=\"none\">Planejamento de\u00a0<\/span><span data-scheme-color=\"@005376,,\" data-usefontface=\"false\" data-contrast=\"none\">Starup<\/span><span data-scheme-color=\"@005376,,\" data-usefontface=\"false\" data-contrast=\"none\">\u00a0e\u00a0<\/span><span data-scheme-color=\"@005376,,\" data-usefontface=\"false\" data-contrast=\"none\">handover<\/span><\/h5>\n<p>[\/vc_column_text][\/vc_tta_section][\/vc_tta_accordion][vc_empty_space height=&#8221;50px&#8221;][\/vc_column][\/vc_row][vc_row full_width=&#8221;stretch_row&#8221; css=&#8221;.vc_custom_1698352015523{background-color: #ffffff !important;}&#8221; el_id=&#8221;clientes&#8221;][vc_column][vc_empty_space height=&#8221;50px&#8221;][vc_separator][vc_empty_space height=&#8221;15px&#8221;]<header class=\"kd-section-title col-lg-12 text-center solid-line sep-border-width-1    \" ><h4 class=\"separator_on\" >Nossos clientes<\/h4><div class=\"kd-separator below_title\" ><div class=\"kd-separator-line\" style=\"border-color:#878787\"><\/div><\/div><h6 class=\"subtitle \" >A Portfolio Engenharia consultiva j\u00e1 nasce com cases de atua\u00e7\u00e3o em grandes empresas.<\/h6><\/header>[vc_empty_space height=&#8221;15px&#8221;][vc_images_carousel images=&#8221;73,74,84,85&#8243; img_size=&#8221;full&#8221; onclick=&#8221;link_no&#8221; slides_per_view=&#8221;4&#8243; hide_pagination_control=&#8221;yes&#8221; hide_prev_next_buttons=&#8221;yes&#8221; wrap=&#8221;yes&#8221; el_id=&#8221;clientes&#8221;][vc_empty_space height=&#8221;15px&#8221;][\/vc_column][\/vc_row][vc_row full_width=&#8221;stretch_row&#8221; el_id=&#8221;contato&#8221; css=&#8221;.vc_custom_1698351995221{background-color: #878787 !important;}&#8221;][vc_column][vc_empty_space height=&#8221;50px&#8221;][vc_empty_space height=&#8221;15px&#8221;]<header class=\"kd-section-title col-lg-12 text-center solid-line sep-border-width-1    \" ><h2 class=\"separator_on\" style=\"color: #fffcfc;font-size: 30px;\">Saiba como garantir efici\u00eancia na sua obra<\/h2><div class=\"kd-separator below_title\" ><div class=\"kd-separator-line\" style=\"border-color:#878787\"><\/div><\/div><h6 class=\"subtitle \" style=\"color: #ffffff;\">Fale com a Portfolio Engenharia Consultiva<\/h6><\/header><div class=\"kd-contact-form full-width-cf\" >\n<div class=\"wpcf7 no-js\" id=\"wpcf7-f65-o1\" lang=\"pt-BR\" dir=\"ltr\" data-wpcf7-id=\"65\">\n<div class=\"screen-reader-response\"><p role=\"status\" aria-live=\"polite\" aria-atomic=\"true\"><\/p> <ul><\/ul><\/div>\n<form action=\"\/portfolio-engenharia-consultiva\/wp-json\/wp\/v2\/pages\/2#wpcf7-f65-o1\" method=\"post\" class=\"wpcf7-form init\" aria-label=\"Formul\u00e1rios de contato\" novalidate=\"novalidate\" data-status=\"init\">\n<div style=\"display: none;\">\n<input type=\"hidden\" name=\"_wpcf7\" value=\"65\" \/>\n<input type=\"hidden\" name=\"_wpcf7_version\" value=\"6.0.6\" \/>\n<input type=\"hidden\" name=\"_wpcf7_locale\" value=\"pt_BR\" \/>\n<input type=\"hidden\" name=\"_wpcf7_unit_tag\" value=\"wpcf7-f65-o1\" \/>\n<input type=\"hidden\" name=\"_wpcf7_container_post\" value=\"0\" \/>\n<input type=\"hidden\" name=\"_wpcf7_posted_data_hash\" value=\"\" \/>\n<input type=\"hidden\" name=\"_wpcf7_recaptcha_response\" value=\"\" \/>\n<\/div>\n<div class=\"form\">\n\t<div class=\"form__input\">\n\t\t<p><span class=\"wpcf7-form-control-wrap\" data-name=\"nome\"><input size=\"40\" maxlength=\"400\" class=\"wpcf7-form-control wpcf7-text wpcf7-validates-as-required\" aria-required=\"true\" aria-invalid=\"false\" placeholder=\"Nome\" value=\"\" type=\"text\" name=\"nome\" \/><\/span>\n\t\t<\/p>\n\t<\/div>\n\t<div class=\"form__input\">\n\t\t<p><span class=\"wpcf7-form-control-wrap\" data-name=\"telefone\"><input size=\"40\" maxlength=\"400\" class=\"wpcf7-form-control wpcf7-tel wpcf7-validates-as-required wpcf7-text wpcf7-validates-as-tel\" aria-required=\"true\" aria-invalid=\"false\" placeholder=\"Telefone\" value=\"\" type=\"tel\" name=\"telefone\" \/><\/span>\n\t\t<\/p>\n\t<\/div>\n\t<div class=\"form__input\">\n\t\t<p><span class=\"wpcf7-form-control-wrap\" data-name=\"email\"><input size=\"40\" maxlength=\"400\" class=\"wpcf7-form-control wpcf7-email wpcf7-validates-as-required wpcf7-text wpcf7-validates-as-email\" aria-required=\"true\" aria-invalid=\"false\" placeholder=\"E-mail\" value=\"\" type=\"email\" name=\"email\" \/><\/span>\n\t\t<\/p>\n\t<\/div>\n\t<div class=\"form__input\">\n\t\t<p><span class=\"wpcf7-form-control-wrap\" data-name=\"Empresa\"><textarea cols=\"40\" rows=\"10\" maxlength=\"2000\" class=\"wpcf7-form-control wpcf7-textarea wpcf7-validates-as-required\" aria-required=\"true\" aria-invalid=\"false\" placeholder=\"Empresa\" name=\"Empresa\"><\/textarea><\/span><span class=\"wpcf7-form-control-wrap\" data-name=\"mensagem\"><textarea cols=\"40\" rows=\"10\" maxlength=\"2000\" class=\"wpcf7-form-control wpcf7-textarea wpcf7-validates-as-required\" aria-required=\"true\" aria-invalid=\"false\" placeholder=\"Mensagem\" name=\"mensagem\"><\/textarea><\/span>\n\t\t<\/p>\n\t<\/div>\n\t<div class=\"form__input\">\n\t\t<p><span class=\"wpcf7-form-control-wrap\" data-name=\"aceite-termos\"><span class=\"wpcf7-form-control wpcf7-checkbox\"><span class=\"wpcf7-list-item first last\"><label><input type=\"checkbox\" name=\"aceite-termos[]\" value=\"Aceito receber contato e informa\u00e7\u00f5es sobre ofertas e servi\u00e7os do Grupo Portfolio.\" \/><span class=\"wpcf7-list-item-label\">Aceito receber contato e informa\u00e7\u00f5es sobre ofertas e servi\u00e7os do Grupo Portfolio.<\/span><\/label><\/span><\/span><\/span>\n\t\t<\/p>\n\t<\/div>\n\t<div class=\"form__input form__input--btnLarge\">\n\t\t<p><input class=\"wpcf7-form-control wpcf7-submit has-spinner\" type=\"submit\" value=\"Enviar\" \/>\n\t\t<\/p>\n\t<\/div>\n\t<div style=\"display:none;\">\n\t\t<p><span class=\"wpcf7-form-control-wrap\" data-name=\"identificador\"><input size=\"40\" maxlength=\"400\" class=\"wpcf7-form-control wpcf7-text\" aria-invalid=\"false\" value=\"pagina contato\" type=\"text\" name=\"identificador\" \/><\/span><br \/>\n<span class=\"wpcf7-form-control-wrap\" data-name=\"c_utmz\"><input size=\"40\" maxlength=\"400\" class=\"wpcf7-form-control wpcf7-text\" id=\"cookieutmz\" aria-invalid=\"false\" value=\"\" type=\"text\" name=\"c_utmz\" \/><\/span>\n\t\t<\/p>\n\t<\/div>\n\t<p><script type=\"text\/javascript\">\nfunction read_cookie(a){var b=a+\"=\";var c=document.cookie.split(\";\");for(var d=0;d\n\t\t\t<c.length;d++){var e=c[d];while(e.charAt(0)==\" \")e=e.substring(1,e.length);if(e.indexOf(b)==0){return e.substring(b.length,e.length)}}return null}try{document.getElementById(\"cookieutmz\").value=read_cookie(\"__utmz\")}catch(err){}\n<\/script>\n\t\t\t<\/c.length;d++){var><\/script>\n\t<\/p>\n<\/div><p style=\"display: none !important;\" class=\"akismet-fields-container\" data-prefix=\"_wpcf7_ak_\"><label>&#916;<textarea name=\"_wpcf7_ak_hp_textarea\" cols=\"45\" rows=\"8\" maxlength=\"100\"><\/textarea><\/label><input type=\"hidden\" id=\"ak_js_1\" name=\"_wpcf7_ak_js\" value=\"91\"\/><script>document.getElementById( \"ak_js_1\" ).setAttribute( \"value\", ( new Date() ).getTime() );<\/script><\/p><div class=\"wpcf7-response-output\" aria-hidden=\"true\"><\/div>\n<\/form>\n<\/div>\n<\/div>[vc_empty_space height=&#8221;15px&#8221;][\/vc_column][\/vc_row]<\/p>\n","protected":false},"excerpt":{"rendered":"<p>[vc_row full_width=&#8221;stretch_row&#8221; video_bg=&#8221;yes&#8221; video_bg_url=&#8221;https:\/\/youtu.be\/LEzySXAVcUU&#8221; css=&#8221;.vc_custom_1698712686318{background-image: url(https:\/\/blog.grupoportfolio.com.br\/portfolio-formacao\/wp-content\/uploads\/sites\/5\/2023\/10\/BANNER.jpg?id=6) !important;}&#8221;][vc_column video_bg=&#8221;yes&#8221; video_bg_url=&#8221;https:\/\/youtu.be\/LEzySXAVcUU&#8221; width=&#8221;1\/2&#8243;][vc_empty_space height=&#8221;150px&#8221;][vc_empty_space height=&#8221;25px&#8221;][vc_empty_space height=&#8221;20px&#8221;][vc_btn title=&#8221;FALE COM UM ESPECIALISTA&#8221; style=&#8221;custom&#8221; custom_text=&#8221;#666666&#8243; align=&#8221;left&#8221; link=&#8221;url:%23contato&#8221;][vc_empty_space height=&#8221;50px&#8221;][\/vc_column][vc_column width=&#8221;1\/2&#8243;][vc_empty_space][\/vc_column][\/vc_row][vc_row][vc_column][vc_empty_space height=&#8221;50px&#8221;][vc_empty_space height=&#8221;50px&#8221;][\/vc_column][\/vc_row][vc_row full_width=&#8221;stretch_row&#8221;][vc_column width=&#8221;1\/3&#8243; [&hellip;]<\/p>\n","protected":false},"author":49,"featured_media":0,"parent":0,"menu_order":0,"comment_status":"closed","ping_status":"closed","template":"","meta":{"footnotes":""},"class_list":["post-2","page","type-page","status-publish","hentry"],"aioseo_notices":[],"_links":{"self":[{"href":"https:\/\/blog.grupoportfolio.com.br\/portfolio-engenharia-consultiva\/wp-json\/wp\/v2\/pages\/2","targetHints":{"allow":["GET"]}}],"collection":[{"href":"https:\/\/blog.grupoportfolio.com.br\/portfolio-engenharia-consultiva\/wp-json\/wp\/v2\/pages"}],"about":[{"href":"https:\/\/blog.grupoportfolio.com.br\/portfolio-engenharia-consultiva\/wp-json\/wp\/v2\/types\/page"}],"author":[{"embeddable":true,"href":"https:\/\/blog.grupoportfolio.com.br\/portfolio-engenharia-consultiva\/wp-json\/wp\/v2\/users\/49"}],"replies":[{"embeddable":true,"href":"https:\/\/blog.grupoportfolio.com.br\/portfolio-engenharia-consultiva\/wp-json\/wp\/v2\/comments?post=2"}],"version-history":[{"count":3,"href":"https:\/\/blog.grupoportfolio.com.br\/portfolio-engenharia-consultiva\/wp-json\/wp\/v2\/pages\/2\/revisions"}],"predecessor-version":[{"id":121,"href":"https:\/\/blog.grupoportfolio.com.br\/portfolio-engenharia-consultiva\/wp-json\/wp\/v2\/pages\/2\/revisions\/121"}],"wp:attachment":[{"href":"https:\/\/blog.grupoportfolio.com.br\/portfolio-engenharia-consultiva\/wp-json\/wp\/v2\/media?parent=2"}],"curies":[{"name":"wp","href":"https:\/\/api.w.org\/{rel}","templated":true}]}}